{"id":1155,"date":"2019-02-28T15:08:26","date_gmt":"2019-02-28T15:08:26","guid":{"rendered":"https:\/\/elcaminoarete.com\/es\/?page_id=1155"},"modified":"2022-01-31T08:49:21","modified_gmt":"2022-01-31T08:49:21","slug":"el-camino-lider","status":"publish","type":"page","link":"https:\/\/elcaminoarete.com\/es\/el-camino-lider\/","title":{"rendered":"El Camino Lider- Etapas"},"content":{"rendered":"<section class=\"l-section wpb_row height_full valign_center\"><div class=\"l-section-h i-cf\"><div class=\"g-cols vc_row type_default valign_middle gap-10px\"><style>.g-cols.gap-10px{margin:0 calc(-1.5rem - 10px)}.gap-10px > .vc_column_container {padding:10px}<\/style><div class=\"vc_col-sm-6 wpb_column vc_column_container animate_afl\"><div class=\"vc_column-inner\"><div class=\"wpb_wrapper\"><div class=\"wpb_text_column\"><div class=\"wpb_wrapper\"><h2 style=\"text-align: center;\"><strong>Roncesvalles- Zubiri<\/strong><\/h2>\n<\/div><\/div><div class=\"w-separator size_small\"><\/div><div class=\"g-cols wpb_row  type_default valign_top vc_inner\"><div class=\"vc_col-sm-6 wpb_column vc_column_container\"><div class=\"vc_column-inner\"><div class=\"wpb_wrapper\"><div class=\"wpb_text_column\"><div class=\"wpb_wrapper\"><h3 style=\"text-align: left;\"><strong>Primera Etapa<\/strong><\/h3>\n<\/div><\/div><\/div><\/div><\/div><div class=\"vc_col-sm-6 wpb_column vc_column_container\"><div class=\"vc_column-inner\"><div class=\"wpb_wrapper\"><div class=\"wpb_text_column\"><div class=\"wpb_wrapper\"><h3 style=\"text-align: right;\"><strong>21 Km<\/strong><\/h3>\n<\/div><\/div><\/div><\/div><\/div><\/div><div class=\"w-separator size_small\"><\/div><div class=\"wpb_text_column\"><div class=\"wpb_wrapper\"><h3 style=\"text-align: center;\"><strong>El l\u00edder nace o se hace:<\/strong><\/h3>\n<p style=\"text-align: center;\"><em>&#8220;Un l\u00edder lleva a las personas a donde nunca habr\u00edan ido solas.&#8221;<\/em><\/p>\n<p style=\"text-align: center;\">Hans Finzel<\/p>\n<h3><strong>Descripci\u00f3n etapa:<\/strong><\/h3>\n<p>La primera etapa,&#8221; <em>El l\u00edder nace o se hace<\/em>&#8220;, reflexionaremos, de la mano de prestigiosos autores como Daniel Goleman, Stehpeh Covey o Peter Senge, sobre los nuevos modelos de organizaci\u00f3n que est\u00e1n emergiendo, las denominadas \u201corganizaciones inteligentes\u201d y las diferencias entre jefe-gestor-l\u00edder.<\/p>\n<\/div><\/div><div class=\"w-separator size_small\"><\/div><\/div><\/div><\/div><div class=\"vc_col-sm-6 wpb_column vc_column_container animate_afr\" style=\"animation-delay:0.2s;\"><div class=\"vc_column-inner\"><div class=\"wpb_wrapper\"><div class=\"w-image style_shadow-1 align_center\"><div class=\"w-image-h\"><img loading=\"lazy\" decoding=\"async\" width=\"500\" height=\"667\" src=\"https:\/\/elcaminoarete.com\/es\/wp-content\/uploads\/sites\/3\/2019\/03\/roncesvalles-pilgrim-mass-500x667.jpg\" class=\"attachment-us_500_0 size-us_500_0\" alt=\"\" srcset=\"https:\/\/elcaminoarete.com\/es\/wp-content\/uploads\/sites\/3\/2019\/03\/roncesvalles-pilgrim-mass-500x667.jpg 500w, https:\/\/elcaminoarete.com\/es\/wp-content\/uploads\/sites\/3\/2019\/03\/roncesvalles-pilgrim-mass-225x300.jpg 225w, https:\/\/elcaminoarete.com\/es\/wp-content\/uploads\/sites\/3\/2019\/03\/roncesvalles-pilgrim-mass.jpg 680w\" sizes=\"(max-width: 500px) 100vw, 500px\" \/><\/div><\/div><\/div><\/div><\/div><\/div><\/div><\/section><section class=\"l-section wpb_row height_full valign_center color_secondary\" id=\"section2\"><div class=\"l-section-h i-cf\"><div class=\"g-cols vc_row type_default valign_middle gap-10px\"><style>.g-cols.gap-10px{margin:0 calc(-1.5rem - 10px)}.gap-10px > .vc_column_container {padding:10px}<\/style><div class=\"vc_col-sm-6 wpb_column vc_column_container animate_afl\" style=\"animation-delay:0.2s;\"><div class=\"vc_column-inner\"><div class=\"wpb_wrapper\"><div class=\"w-image style_shadow-1 align_center\"><div class=\"w-image-h\"><img loading=\"lazy\" decoding=\"async\" width=\"500\" height=\"281\" src=\"https:\/\/elcaminoarete.com\/es\/wp-content\/uploads\/sites\/3\/2019\/03\/Zubiri_Navarra_Camino_Frances_Puente_de_la_Rabia-500x281.jpg\" class=\"attachment-us_500_0 size-us_500_0\" alt=\"\" srcset=\"https:\/\/elcaminoarete.com\/es\/wp-content\/uploads\/sites\/3\/2019\/03\/Zubiri_Navarra_Camino_Frances_Puente_de_la_Rabia-500x281.jpg 500w, https:\/\/elcaminoarete.com\/es\/wp-content\/uploads\/sites\/3\/2019\/03\/Zubiri_Navarra_Camino_Frances_Puente_de_la_Rabia-300x168.jpg 300w, https:\/\/elcaminoarete.com\/es\/wp-content\/uploads\/sites\/3\/2019\/03\/Zubiri_Navarra_Camino_Frances_Puente_de_la_Rabia.jpg 900w\" sizes=\"(max-width: 500px) 100vw, 500px\" \/><\/div><\/div><\/div><\/div><\/div><div class=\"vc_col-sm-6 wpb_column vc_column_container animate_afr\"><div class=\"vc_column-inner\"><div class=\"wpb_wrapper\"><div class=\"wpb_text_column\"><div class=\"wpb_wrapper\"><h2 style=\"text-align: center;\"><strong>Zubiri &#8211; Pamplona<\/strong><\/h2>\n<\/div><\/div><div class=\"w-separator size_small\"><\/div><div class=\"g-cols wpb_row  type_default valign_top vc_inner\"><div class=\"vc_col-sm-6 wpb_column vc_column_container\"><div class=\"vc_column-inner\"><div class=\"wpb_wrapper\"><div class=\"wpb_text_column\"><div class=\"wpb_wrapper\"><h3 style=\"text-align: left;\"><strong>Segunda Etapa<\/strong><\/h3>\n<\/div><\/div><\/div><\/div><\/div><div class=\"vc_col-sm-6 wpb_column vc_column_container\"><div class=\"vc_column-inner\"><div class=\"wpb_wrapper\"><div class=\"wpb_text_column\"><div class=\"wpb_wrapper\"><h3 style=\"text-align: right;\"><strong>20 Km<\/strong><\/h3>\n<\/div><\/div><\/div><\/div><\/div><\/div><div class=\"w-separator size_small\"><\/div><div class=\"wpb_text_column\"><div class=\"wpb_wrapper\"><h3 style=\"text-align: center;\"><strong>Yo antes que el rol, el liderazgo interno precede al liderazgo externo:<\/strong><\/h3>\n<p style=\"text-align: center;\"><em>&#8220;Cuando hablas, solo repites lo que ya sabes, pero cuando escuchas quiz\u00e1s aprendas algo nuevo.&#8221;<\/em><\/p>\n<p style=\"text-align: center;\">Dalai Lama.<\/p>\n<h3 style=\"text-align: left;\"><strong>Descripci\u00f3n etapa:<\/strong><\/h3>\n<p>En la segunda etapa, &#8220;<em>Yo antes que el rol, el liderazgo interno precede al liderazgo externo<\/em>&#8220;, se desarrollar\u00e1n diversas din\u00e1micas que por medio de la toma de conciencia y auto-observaci\u00f3n nos permita conectarnos con nuestro estilo de autoliderazgo y liderazgo hacia los dem\u00e1s. Adem\u00e1s, pondremos en pr\u00e1ctica herramientas para desarrollar una escucha activa y atender al lenguaje no verbal.<\/p>\n<\/div><\/div><div class=\"w-separator size_small\"><\/div><\/div><\/div><\/div><\/div><\/div><\/section><section class=\"l-section wpb_row height_full valign_center\" id=\"section3\"><div class=\"l-section-h i-cf\"><div class=\"g-cols vc_row type_default valign_middle gap-10px\"><style>.g-cols.gap-10px{margin:0 calc(-1.5rem - 10px)}.gap-10px > .vc_column_container {padding:10px}<\/style><div class=\"vc_col-sm-6 wpb_column vc_column_container animate_afl\"><div class=\"vc_column-inner\"><div class=\"wpb_wrapper\"><div class=\"wpb_text_column\"><div class=\"wpb_wrapper\"><h2 style=\"text-align: center;\"><strong>Pamplona &#8211; Puente la Reina<\/strong><\/h2>\n<\/div><\/div><div class=\"w-separator size_small\"><\/div><div class=\"g-cols wpb_row  type_default valign_top vc_inner\"><div class=\"vc_col-sm-6 wpb_column vc_column_container\"><div class=\"vc_column-inner\"><div class=\"wpb_wrapper\"><div class=\"wpb_text_column\"><div class=\"wpb_wrapper\"><h3 style=\"text-align: left;\"><strong>Tercera Etapa<\/strong><\/h3>\n<\/div><\/div><\/div><\/div><\/div><div class=\"vc_col-sm-6 wpb_column vc_column_container\"><div class=\"vc_column-inner\"><div class=\"wpb_wrapper\"><div class=\"wpb_text_column\"><div class=\"wpb_wrapper\"><h3 style=\"text-align: right;\"><strong>24 Km<\/strong><\/h3>\n<\/div><\/div><\/div><\/div><\/div><\/div><div class=\"w-separator size_small\"><\/div><div class=\"wpb_text_column\"><div class=\"wpb_wrapper\"><h3 style=\"text-align: center;\"><strong>Trata a los dem\u00e1s como ellos quieren ser tratados:<\/strong><\/h3>\n<p style=\"text-align: center;\"><em>&#8220;Trata de comprender antes de ser comprendido<\/em><\/p>\n<p style=\"text-align: center;\">Stephen Covey<\/p>\n<h3><strong>Descripci\u00f3n etapa:<\/strong><\/h3>\n<p>En la tercera etapa, &#8220;<em>Trata a los dem\u00e1s como ellos quieren ser tratados<\/em>&#8220;, aprenderemos a identificar, por medio del modelo de energ\u00edas crom\u00e1ticas de Carl Gustav Jung, los diferentes estilos y preferencias de las personas para adaptar la forma y contenido de nuestras conversaciones y lograr una comunicaci\u00f3n m\u00e1s efectiva.<\/p>\n<\/div><\/div><div class=\"w-separator size_small\"><\/div><\/div><\/div><\/div><div class=\"vc_col-sm-6 wpb_column vc_column_container animate_afr\" style=\"animation-delay:0.2s;\"><div class=\"vc_column-inner\"><div class=\"wpb_wrapper\"><div class=\"w-image style_shadow-1 align_center\"><div class=\"w-image-h\"><img loading=\"lazy\" decoding=\"async\" width=\"500\" height=\"380\" src=\"https:\/\/elcaminoarete.com\/es\/wp-content\/uploads\/sites\/3\/2019\/03\/1795408168_da97bb5897_b-1024x779-500x380.jpg\" class=\"attachment-us_500_0 size-us_500_0\" alt=\"\" srcset=\"https:\/\/elcaminoarete.com\/es\/wp-content\/uploads\/sites\/3\/2019\/03\/1795408168_da97bb5897_b-1024x779-500x380.jpg 500w, https:\/\/elcaminoarete.com\/es\/wp-content\/uploads\/sites\/3\/2019\/03\/1795408168_da97bb5897_b-1024x779-300x228.jpg 300w, https:\/\/elcaminoarete.com\/es\/wp-content\/uploads\/sites\/3\/2019\/03\/1795408168_da97bb5897_b-1024x779.jpg 1024w\" sizes=\"(max-width: 500px) 100vw, 500px\" \/><\/div><\/div><\/div><\/div><\/div><\/div><\/div><\/section><section class=\"l-section wpb_row height_full valign_center color_primary\" id=\"section4\"><div class=\"l-section-h i-cf\"><div class=\"g-cols vc_row type_default valign_middle gap-10px\"><style>.g-cols.gap-10px{margin:0 calc(-1.5rem - 10px)}.gap-10px > .vc_column_container {padding:10px}<\/style><div class=\"vc_col-sm-6 wpb_column vc_column_container animate_afl\" style=\"animation-delay:0.2s;\"><div class=\"vc_column-inner\"><div class=\"wpb_wrapper\"><div class=\"w-image style_shadow-1 align_center\"><div class=\"w-image-h\"><img loading=\"lazy\" decoding=\"async\" width=\"500\" height=\"375\" src=\"https:\/\/elcaminoarete.com\/es\/wp-content\/uploads\/sites\/3\/2019\/03\/42379196971_8fe702933a_b-1024x768-500x375.jpg\" class=\"attachment-us_500_0 size-us_500_0\" alt=\"\" srcset=\"https:\/\/elcaminoarete.com\/es\/wp-content\/uploads\/sites\/3\/2019\/03\/42379196971_8fe702933a_b-1024x768-500x375.jpg 500w, https:\/\/elcaminoarete.com\/es\/wp-content\/uploads\/sites\/3\/2019\/03\/42379196971_8fe702933a_b-1024x768-300x225.jpg 300w, https:\/\/elcaminoarete.com\/es\/wp-content\/uploads\/sites\/3\/2019\/03\/42379196971_8fe702933a_b-1024x768.jpg 1024w\" sizes=\"(max-width: 500px) 100vw, 500px\" \/><\/div><\/div><\/div><\/div><\/div><div class=\"vc_col-sm-6 wpb_column vc_column_container animate_afr\"><div class=\"vc_column-inner\"><div class=\"wpb_wrapper\"><div class=\"wpb_text_column\"><div class=\"wpb_wrapper\"><h2 style=\"text-align: center;\"><strong>Puente la Reina &#8211; Estella<\/strong><\/h2>\n<\/div><\/div><div class=\"w-separator size_small\"><\/div><div class=\"g-cols wpb_row  type_default valign_top vc_inner\"><div class=\"vc_col-sm-6 wpb_column vc_column_container\"><div class=\"vc_column-inner\"><div class=\"wpb_wrapper\"><div class=\"wpb_text_column\"><div class=\"wpb_wrapper\"><h3 style=\"text-align: left;\"><strong>Cuarta Etapa<\/strong><\/h3>\n<\/div><\/div><\/div><\/div><\/div><div class=\"vc_col-sm-6 wpb_column vc_column_container\"><div class=\"vc_column-inner\"><div class=\"wpb_wrapper\"><div class=\"wpb_text_column\"><div class=\"wpb_wrapper\"><h3 style=\"text-align: right;\"><strong>22 Km<\/strong><\/h3>\n<\/div><\/div><\/div><\/div><\/div><\/div><div class=\"w-separator size_small\"><\/div><div class=\"wpb_text_column\"><div class=\"wpb_wrapper\"><h3 style=\"text-align: center;\"><strong>Cultivando y desarrollando a mi equipo:<\/strong><\/h3>\n<p style=\"text-align: center;\"><em>&#8220;Dar a la gente confianza en s\u00ed mismo es, con mucho, lo m\u00e1s importante que puedo hacer. Porque entonces ellos actuar\u00e1n&#8221;<\/em><\/p>\n<p style=\"text-align: center;\">Jack Welch.<\/p>\n<h3><strong>Descripci\u00f3n etapa:<\/strong><\/h3>\n<p>En la cuarta etapa, &#8220;<em>Cultivando y desarrollando a mi equipo<\/em>&#8220;, trabajaremos herramientas de Coaching (metodolog\u00eda GROW, feedback, preguntas l\u00e1ser, \u2026) que nos permitan potenciar y gestionar las capacidades de nuestro equipo desde la generaci\u00f3n de ambientes de trabajo creativos e innovadores.<\/p>\n<\/div><\/div><div class=\"w-separator size_small\"><\/div><\/div><\/div><\/div><\/div><\/div><\/section><section class=\"l-section wpb_row height_full valign_center\"><div class=\"l-section-h i-cf\"><div class=\"g-cols vc_row type_default valign_middle gap-10px\"><style>.g-cols.gap-10px{margin:0 calc(-1.5rem - 10px)}.gap-10px > .vc_column_container {padding:10px}<\/style><div class=\"vc_col-sm-6 wpb_column vc_column_container animate_afl\"><div class=\"vc_column-inner\"><div class=\"wpb_wrapper\"><div class=\"wpb_text_column\"><div class=\"wpb_wrapper\"><h2 style=\"text-align: center;\"><strong>Estella &#8211; Los Arcos<\/strong><\/h2>\n<\/div><\/div><div class=\"w-separator size_small\"><\/div><div class=\"g-cols wpb_row  type_default valign_top vc_inner\"><div class=\"vc_col-sm-6 wpb_column vc_column_container\"><div class=\"vc_column-inner\"><div class=\"wpb_wrapper\"><div class=\"wpb_text_column\"><div class=\"wpb_wrapper\"><h3 style=\"text-align: left;\"><strong>Quinta Etapa<\/strong><\/h3>\n<\/div><\/div><\/div><\/div><\/div><div class=\"vc_col-sm-6 wpb_column vc_column_container\"><div class=\"vc_column-inner\"><div class=\"wpb_wrapper\"><div class=\"wpb_text_column\"><div class=\"wpb_wrapper\"><h3 style=\"text-align: right;\"><strong>21 Km<\/strong><\/h3>\n<\/div><\/div><\/div><\/div><\/div><\/div><div class=\"w-separator size_small\"><\/div><div class=\"wpb_text_column\"><div class=\"wpb_wrapper\"><h3><strong>Identificar y expandir el talento:<\/strong><\/h3>\n<p style=\"text-align: center;\"><em>&#8220;No digas a la gente c\u00f3mo hacer las cosas, diles qu\u00e9 hacer y d\u00e9jales que te sorprendan con sus resultados&#8221;<\/em><\/p>\n<p style=\"text-align: center;\">George S. Patton<\/p>\n<h3><strong>Descripci\u00f3n etapa:<\/strong><\/h3>\n<p>En la quinta etapa, &#8220;<em>Identificar y expandir el talento<\/em>&#8220;, nos centraremos en desarrollar habilidades que nos permitan identificar, extraer y potenciar el talento, aquello que les hace \u00fanicos y especiales, de las personas que lideramos y c\u00f3mo implicarlas en su propio desarrollo<\/p>\n<\/div><\/div><div class=\"w-separator size_small\"><\/div><\/div><\/div><\/div><div class=\"vc_col-sm-6 wpb_column vc_column_container animate_afr\" style=\"animation-delay:0.2s;\"><div class=\"vc_column-inner\"><div class=\"wpb_wrapper\"><div class=\"w-image style_shadow-1 align_center\"><div class=\"w-image-h\"><img loading=\"lazy\" decoding=\"async\" width=\"500\" height=\"375\" src=\"https:\/\/elcaminoarete.com\/es\/wp-content\/uploads\/sites\/3\/2019\/03\/Estella-Lizarra_Palacio_de_los_Reyes_de_Navarra_01-1024x768-500x375.jpg\" class=\"attachment-us_500_0 size-us_500_0\" alt=\"\" srcset=\"https:\/\/elcaminoarete.com\/es\/wp-content\/uploads\/sites\/3\/2019\/03\/Estella-Lizarra_Palacio_de_los_Reyes_de_Navarra_01-1024x768-500x375.jpg 500w, https:\/\/elcaminoarete.com\/es\/wp-content\/uploads\/sites\/3\/2019\/03\/Estella-Lizarra_Palacio_de_los_Reyes_de_Navarra_01-1024x768-300x225.jpg 300w, https:\/\/elcaminoarete.com\/es\/wp-content\/uploads\/sites\/3\/2019\/03\/Estella-Lizarra_Palacio_de_los_Reyes_de_Navarra_01-1024x768.jpg 1024w\" sizes=\"(max-width: 500px) 100vw, 500px\" \/><\/div><\/div><\/div><\/div><\/div><\/div><\/div><\/section><section class=\"l-section wpb_row height_full valign_center color_secondary\"><div class=\"l-section-h i-cf\"><div class=\"g-cols vc_row type_default valign_middle gap-10px\"><style>.g-cols.gap-10px{margin:0 calc(-1.5rem - 10px)}.gap-10px > .vc_column_container {padding:10px}<\/style><div class=\"vc_col-sm-6 wpb_column vc_column_container animate_afl\" style=\"animation-delay:0.2s;\"><div class=\"vc_column-inner\"><div class=\"wpb_wrapper\"><div class=\"w-image style_shadow-1 align_center\"><div class=\"w-image-h\"><img loading=\"lazy\" decoding=\"async\" width=\"500\" height=\"333\" src=\"https:\/\/elcaminoarete.com\/es\/wp-content\/uploads\/sites\/3\/2019\/03\/Viana-p-1024x683-1024x683-500x333.jpg\" class=\"attachment-us_500_0 size-us_500_0\" alt=\"\" srcset=\"https:\/\/elcaminoarete.com\/es\/wp-content\/uploads\/sites\/3\/2019\/03\/Viana-p-1024x683-1024x683-500x333.jpg 500w, https:\/\/elcaminoarete.com\/es\/wp-content\/uploads\/sites\/3\/2019\/03\/Viana-p-1024x683-1024x683-300x200.jpg 300w, https:\/\/elcaminoarete.com\/es\/wp-content\/uploads\/sites\/3\/2019\/03\/Viana-p-1024x683-1024x683.jpg 1024w, https:\/\/elcaminoarete.com\/es\/wp-content\/uploads\/sites\/3\/2019\/03\/Viana-p-1024x683-1024x683-380x253.jpg 380w\" sizes=\"(max-width: 500px) 100vw, 500px\" \/><\/div><\/div><\/div><\/div><\/div><div class=\"vc_col-sm-6 wpb_column vc_column_container animate_afr\"><div class=\"vc_column-inner\"><div class=\"wpb_wrapper\"><div class=\"wpb_text_column\"><div class=\"wpb_wrapper\"><h2 style=\"text-align: center;\"><strong>Los Arcos &#8211; Viana<\/strong><\/h2>\n<\/div><\/div><div class=\"w-separator size_small\"><\/div><div class=\"g-cols wpb_row  type_default valign_top vc_inner\"><div class=\"vc_col-sm-6 wpb_column vc_column_container\"><div class=\"vc_column-inner\"><div class=\"wpb_wrapper\"><div class=\"wpb_text_column\"><div class=\"wpb_wrapper\"><h3 style=\"text-align: left;\"><strong>Sexta Etapa<\/strong><\/h3>\n<\/div><\/div><\/div><\/div><\/div><div class=\"vc_col-sm-6 wpb_column vc_column_container\"><div class=\"vc_column-inner\"><div class=\"wpb_wrapper\"><div class=\"wpb_text_column\"><div class=\"wpb_wrapper\"><h3 style=\"text-align: right;\"><strong>19 Km<\/strong><\/h3>\n<\/div><\/div><\/div><\/div><\/div><\/div><div class=\"w-separator size_small\"><\/div><div class=\"wpb_text_column\"><div class=\"wpb_wrapper\"><h3 style=\"text-align: center;\"><strong>Motivar con sentido<\/strong>:<\/h3>\n<p style=\"text-align: center;\"><em>&#8220;El trabajo en equipo es la capacidad de trabajar juntos hacia una visi\u00f3n com\u00fan. La capacidad de dirigir los logros individuales hacia los objetivos de la organizaci\u00f3n&#8221;<\/em><\/p>\n<p style=\"text-align: center;\">Andrew Carnegie<\/p>\n<h3><strong>Descripci\u00f3n etapa:<\/strong><\/h3>\n<p>En la \u00faltima etapa, motivar con sentido, realizaremos un recorrido de los aprendizajes interiorizados en las etapas anteriores y nos centraremos en identificar los tipos de reconocimientos que podemos activar con nuestro equipo centrando el foco de atenci\u00f3n en la persona y sus necesidades.<\/p>\n<\/div><\/div><div class=\"w-separator size_small\"><\/div><\/div><\/div><\/div><\/div><\/div><\/section><section class=\"l-section wpb_row height_medium\"><div class=\"l-section-h i-cf\"><div class=\"g-cols vc_row type_default valign_top\"><div class=\"vc_col-sm-6 wpb_column vc_column_container\"><div class=\"vc_column-inner\"><div class=\"wpb_wrapper\"><div class=\"wpb_text_column\"><div class=\"wpb_wrapper\"><h2><strong>\u00bfQuieres saber m\u00e1s?<\/strong><\/h2>\n<\/div><\/div><\/div><\/div><\/div><div class=\"vc_col-sm-3 wpb_column vc_column_container\"><div class=\"vc_column-inner\"><div class=\"wpb_wrapper\"><div class=\"w-btn-wrapper width_auto align_left\"><a class=\"w-btn us-btn-style_1\" href=\"https:\/\/elcaminoarete.com\/wp-content\/uploads\/2019\/06\/LEADER-ES.pdf\" target=\"_blank\" rel=\"noopener\"><span class=\"w-btn-label\">Folleto<\/span><\/a><\/div><\/div><\/div><\/div><div class=\"vc_col-sm-3 wpb_column vc_column_container\"><div class=\"vc_column-inner\"><div class=\"wpb_wrapper\"><div class=\"w-btn-wrapper width_auto align_left\"><a class=\"w-btn us-btn-style_1\" href=\"https:\/\/elcaminoarete.com\/es\/#contacto\" title=\"Home\"><span class=\"w-btn-label\">Contacto<\/span><\/a><\/div><\/div><\/div><\/div><\/div><\/div><\/section>\n","protected":false},"excerpt":{"rendered":"Roncesvalles- Zubiri Primera Etapa 21 Km El l\u00edder nace o se hace: &#8220;Un l\u00edder lleva a las personas a donde nunca habr\u00edan ido solas.&#8221; Hans Finzel Descripci\u00f3n etapa: La primera etapa,&#8221; El l\u00edder nace o se hace&#8220;, reflexionaremos, de la mano de prestigiosos autores como Daniel Goleman, Stehpeh Covey o Peter Senge, sobre los nuevos...","protected":false},"author":3,"featured_media":0,"parent":0,"menu_order":0,"comment_status":"closed","ping_status":"closed","template":"","meta":{"_exactmetrics_skip_tracking":false,"_exactmetrics_sitenote_active":false,"_exactmetrics_sitenote_note":"","_exactmetrics_sitenote_category":0,"footnotes":""},"yoast_head":"<!-- This site is optimized with the Yoast SEO plugin v22.1 - https:\/\/yoast.com\/wordpress\/plugins\/seo\/ -->\n<title>El Camino Lider- Etapas - El Camino Aret\u00e9<\/title>\n<meta name=\"robots\" content=\"index, follow, max-snippet:-1, max-image-preview:large, max-video-preview:-1\" \/>\n<link rel=\"canonical\" href=\"https:\/\/elcaminoarete.com\/es\/el-camino-lider\/\" \/>\n<meta property=\"og:locale\" content=\"es_ES\" \/>\n<meta property=\"og:type\" content=\"article\" \/>\n<meta property=\"og:title\" content=\"El Camino Lider- Etapas - El Camino Aret\u00e9\" \/>\n<meta property=\"og:url\" content=\"https:\/\/elcaminoarete.com\/es\/el-camino-lider\/\" \/>\n<meta property=\"og:site_name\" content=\"El Camino Aret\u00e9\" \/>\n<meta property=\"article:modified_time\" content=\"2022-01-31T08:49:21+00:00\" \/>\n<meta property=\"og:image\" content=\"https:\/\/elcaminoarete.com\/es\/wp-content\/uploads\/sites\/3\/2019\/05\/Untitled-design.png\" \/>\n\t<meta property=\"og:image:width\" content=\"200\" \/>\n\t<meta property=\"og:image:height\" content=\"200\" \/>\n\t<meta property=\"og:image:type\" content=\"image\/png\" \/>\n<meta name=\"twitter:card\" content=\"summary_large_image\" \/>\n<meta name=\"twitter:label1\" content=\"Tiempo de lectura\" \/>\n\t<meta name=\"twitter:data1\" content=\"6 minutos\" \/>\n<script type=\"application\/ld+json\" class=\"yoast-schema-graph\">{\"@context\":\"https:\/\/schema.org\",\"@graph\":[{\"@type\":\"WebPage\",\"@id\":\"https:\/\/elcaminoarete.com\/es\/el-camino-lider\/\",\"url\":\"https:\/\/elcaminoarete.com\/es\/el-camino-lider\/\",\"name\":\"El Camino Lider- Etapas - El Camino Aret\u00e9\",\"isPartOf\":{\"@id\":\"https:\/\/elcaminoarete.com\/es\/#website\"},\"datePublished\":\"2019-02-28T15:08:26+00:00\",\"dateModified\":\"2022-01-31T08:49:21+00:00\",\"breadcrumb\":{\"@id\":\"https:\/\/elcaminoarete.com\/es\/el-camino-lider\/#breadcrumb\"},\"inLanguage\":\"es\",\"potentialAction\":[{\"@type\":\"ReadAction\",\"target\":[\"https:\/\/elcaminoarete.com\/es\/el-camino-lider\/\"]}]},{\"@type\":\"BreadcrumbList\",\"@id\":\"https:\/\/elcaminoarete.com\/es\/el-camino-lider\/#breadcrumb\",\"itemListElement\":[{\"@type\":\"ListItem\",\"position\":1,\"name\":\"Portada\",\"item\":\"https:\/\/elcaminoarete.com\/es\/\"},{\"@type\":\"ListItem\",\"position\":2,\"name\":\"El Camino Lider- Etapas\"}]},{\"@type\":\"WebSite\",\"@id\":\"https:\/\/elcaminoarete.com\/es\/#website\",\"url\":\"https:\/\/elcaminoarete.com\/es\/\",\"name\":\"El Camino Aret\u00e9\",\"description\":\"Coaching en el Camino de Santiago\",\"potentialAction\":[{\"@type\":\"SearchAction\",\"target\":{\"@type\":\"EntryPoint\",\"urlTemplate\":\"https:\/\/elcaminoarete.com\/es\/?s={search_term_string}\"},\"query-input\":\"required name=search_term_string\"}],\"inLanguage\":\"es\"}]}<\/script>\n<!-- \/ Yoast SEO plugin. -->","yoast_head_json":{"title":"El Camino Lider- Etapas - El Camino Aret\u00e9","robots":{"index":"index","follow":"follow","max-snippet":"max-snippet:-1","max-image-preview":"max-image-preview:large","max-video-preview":"max-video-preview:-1"},"canonical":"https:\/\/elcaminoarete.com\/es\/el-camino-lider\/","og_locale":"es_ES","og_type":"article","og_title":"El Camino Lider- Etapas - El Camino Aret\u00e9","og_url":"https:\/\/elcaminoarete.com\/es\/el-camino-lider\/","og_site_name":"El Camino Aret\u00e9","article_modified_time":"2022-01-31T08:49:21+00:00","og_image":[{"width":200,"height":200,"url":"https:\/\/elcaminoarete.com\/es\/wp-content\/uploads\/sites\/3\/2019\/05\/Untitled-design.png","type":"image\/png"}],"twitter_card":"summary_large_image","twitter_misc":{"Tiempo de lectura":"6 minutos"},"schema":{"@context":"https:\/\/schema.org","@graph":[{"@type":"WebPage","@id":"https:\/\/elcaminoarete.com\/es\/el-camino-lider\/","url":"https:\/\/elcaminoarete.com\/es\/el-camino-lider\/","name":"El Camino Lider- Etapas - El Camino Aret\u00e9","isPartOf":{"@id":"https:\/\/elcaminoarete.com\/es\/#website"},"datePublished":"2019-02-28T15:08:26+00:00","dateModified":"2022-01-31T08:49:21+00:00","breadcrumb":{"@id":"https:\/\/elcaminoarete.com\/es\/el-camino-lider\/#breadcrumb"},"inLanguage":"es","potentialAction":[{"@type":"ReadAction","target":["https:\/\/elcaminoarete.com\/es\/el-camino-lider\/"]}]},{"@type":"BreadcrumbList","@id":"https:\/\/elcaminoarete.com\/es\/el-camino-lider\/#breadcrumb","itemListElement":[{"@type":"ListItem","position":1,"name":"Portada","item":"https:\/\/elcaminoarete.com\/es\/"},{"@type":"ListItem","position":2,"name":"El Camino Lider- Etapas"}]},{"@type":"WebSite","@id":"https:\/\/elcaminoarete.com\/es\/#website","url":"https:\/\/elcaminoarete.com\/es\/","name":"El Camino Aret\u00e9","description":"Coaching en el Camino de Santiago","potentialAction":[{"@type":"SearchAction","target":{"@type":"EntryPoint","urlTemplate":"https:\/\/elcaminoarete.com\/es\/?s={search_term_string}"},"query-input":"required name=search_term_string"}],"inLanguage":"es"}]}},"_links":{"self":[{"href":"https:\/\/elcaminoarete.com\/es\/wp-json\/wp\/v2\/pages\/1155"}],"collection":[{"href":"https:\/\/elcaminoarete.com\/es\/wp-json\/wp\/v2\/pages"}],"about":[{"href":"https:\/\/elcaminoarete.com\/es\/wp-json\/wp\/v2\/types\/page"}],"author":[{"embeddable":true,"href":"https:\/\/elcaminoarete.com\/es\/wp-json\/wp\/v2\/users\/3"}],"replies":[{"embeddable":true,"href":"https:\/\/elcaminoarete.com\/es\/wp-json\/wp\/v2\/comments?post=1155"}],"version-history":[{"count":13,"href":"https:\/\/elcaminoarete.com\/es\/wp-json\/wp\/v2\/pages\/1155\/revisions"}],"predecessor-version":[{"id":1733,"href":"https:\/\/elcaminoarete.com\/es\/wp-json\/wp\/v2\/pages\/1155\/revisions\/1733"}],"wp:attachment":[{"href":"https:\/\/elcaminoarete.com\/es\/wp-json\/wp\/v2\/media?parent=1155"}],"curies":[{"name":"wp","href":"https:\/\/api.w.org\/{rel}","templated":true}]}}