{"id":1194,"date":"2019-03-07T19:43:04","date_gmt":"2019-03-07T19:43:04","guid":{"rendered":"https:\/\/elcaminoarete.com\/es\/?page_id=1194"},"modified":"2019-03-13T09:51:34","modified_gmt":"2019-03-13T09:51:34","slug":"estas-listo","status":"publish","type":"page","link":"https:\/\/elcaminoarete.com\/es\/estas-listo\/","title":{"rendered":"\u00bfEstas listo?"},"content":{"rendered":"\n<figure class=\"wp-block-image\"><img loading=\"lazy\" decoding=\"async\" width=\"1024\" height=\"576\" src=\"https:\/\/elcaminoarete.com\/es\/wp-content\/uploads\/sites\/3\/2019\/03\/walking-mountain-adventure-backpack-soil-pilgrimage-1326907-pxhere.com_-1024x576.jpg\" alt=\"\" class=\"wp-image-1242\" srcset=\"https:\/\/elcaminoarete.com\/es\/wp-content\/uploads\/sites\/3\/2019\/03\/walking-mountain-adventure-backpack-soil-pilgrimage-1326907-pxhere.com_-1024x576.jpg 1024w, https:\/\/elcaminoarete.com\/es\/wp-content\/uploads\/sites\/3\/2019\/03\/walking-mountain-adventure-backpack-soil-pilgrimage-1326907-pxhere.com_-300x169.jpg 300w, https:\/\/elcaminoarete.com\/es\/wp-content\/uploads\/sites\/3\/2019\/03\/walking-mountain-adventure-backpack-soil-pilgrimage-1326907-pxhere.com_-500x281.jpg 500w, https:\/\/elcaminoarete.com\/es\/wp-content\/uploads\/sites\/3\/2019\/03\/walking-mountain-adventure-backpack-soil-pilgrimage-1326907-pxhere.com_.jpg 1280w\" sizes=\"(max-width: 1024px) 100vw, 1024px\" \/><figcaption>Peregrino andando a Santiago<\/figcaption><\/figure>\n\n\n\n<p>Una de las dudas que asaltan a peregrinos primerizos es si van a ser capaces de aguantar con garant\u00edas este gran reto que supone peregrinar y si necesitan alguna preparaci\u00f3n f\u00edsica para el Camino de Santiago.<\/p>\n\n\n\n<p>Con estas lineas trataremos de establecer una serie de recomendaciones generales con las que prepararte previamente y que har\u00e1n de tu Camino con El Camino Aret\u00e9 una experiencia mucho m\u00e1s placentera y satisfactoria, evitando as\u00ed una mala planificaci\u00f3n.<\/p>\n\n\n\n<h2 class=\"wp-block-heading\">Consejos b\u00e1sicos<\/h2>\n\n\n\n<p> En primer lugar, se recomienda empezar la preparaci\u00f3n f\u00edsica con una antelaci\u00f3n previa de un mese, en el cual se realizar\u00e1n paseos cortos de forma que se empiece con una frecuencia en torno a los 2-3 paseos semanales.<\/p>\n\n\n\n<p>Iremos aumentando progresivamente estos paseos hasta llegar a la \u00faltima semana con paseos diarios y distancias iguales a la media de tus etapas, siempre tratando de utilizar el calzado elegido para el Camino, con el objetivo de que te vayas acostumbrando poco a poco y no aparezcan las temidas ampollas en el momento menos indicado.<\/p>\n\n\n\n<p>Tambi\u00e9n ser\u00e1 de gran ayuda acompa\u00f1ar estos paseos con sesiones complementarias de gimnasia, de forma que tonifiques tu cuerpo y los m\u00fasculos ganen elasticidad, evitando problemas musculares o articulares en el futuro.<\/p>\n\n\n\n<p>Adem\u00e1s, en la medida de lo posible, alguna de estas caminatas deber\u00e1s hacerla por alg\u00fan monte cercano, de forma que te vayas haciendo a las m\u00faltiples subidas y bajadas que te encontrar\u00e1s.<\/p>\n\n\n\n<h2 class=\"wp-block-heading\">Elije bien tu equipo<\/h2>\n\n\n\n<p> Es muy importante que te acostumbres al calzado que vayas a llevar y a la ropa. Con lo que sera muy recomendable usar el mismo en los entrenamientos. Busca lo que te haga sentirte c\u00f3modo.<\/p>\n\n\n\n<h2 class=\"wp-block-heading\">No olvides nunca<\/h2>\n\n\n\n<p> Finalmente, resulta fundamental estirar bien, tanto antes como despu\u00e9s de la etapa, especialmente gemelos, isquiotibiales y cu\u00e1driceps, puesto que las piernas ser\u00e1n las que m\u00e1s sufran las temidas agujetas, pero sin olvidar los dem\u00e1s m\u00fasculos y articulaciones del cuerpo.<\/p>\n\n\n\n<p>\u00bfListo para caminar con El Camino Aret\u00e9?<\/p>\n","protected":false},"excerpt":{"rendered":"<p>Una de las dudas que asaltan a peregrinos primerizos es si van a ser capaces de aguantar con garant\u00edas este gran reto que supone peregrinar y si necesitan alguna preparaci\u00f3n f\u00edsica para el Camino de Santiago. Con estas lineas trataremos de establecer una serie de recomendaciones generales con las que prepararte previamente y que har\u00e1n&#8230;<\/p>\n","protected":false},"author":3,"featured_media":0,"parent":0,"menu_order":0,"comment_status":"closed","ping_status":"closed","template":"","meta":{"_exactmetrics_skip_tracking":false,"_exactmetrics_sitenote_active":false,"_exactmetrics_sitenote_note":"","_exactmetrics_sitenote_category":0,"footnotes":""},"yoast_head":"<!-- This site is optimized with the Yoast SEO plugin v22.1 - https:\/\/yoast.com\/wordpress\/plugins\/seo\/ -->\n<title>\u00bfEstas listo? - El Camino Aret\u00e9<\/title>\n<meta name=\"robots\" content=\"index, follow, max-snippet:-1, max-image-preview:large, max-video-preview:-1\" \/>\n<link rel=\"canonical\" href=\"https:\/\/elcaminoarete.com\/es\/estas-listo\/\" \/>\n<meta property=\"og:locale\" content=\"es_ES\" \/>\n<meta property=\"og:type\" content=\"article\" \/>\n<meta property=\"og:title\" content=\"\u00bfEstas listo? - El Camino Aret\u00e9\" \/>\n<meta property=\"og:description\" content=\"Una de las dudas que asaltan a peregrinos primerizos es si van a ser capaces de aguantar con garant\u00edas este gran reto que supone peregrinar y si necesitan alguna preparaci\u00f3n f\u00edsica para el Camino de Santiago. Con estas lineas trataremos de establecer una serie de recomendaciones generales con las que prepararte previamente y que har\u00e1n...\" \/>\n<meta property=\"og:url\" content=\"https:\/\/elcaminoarete.com\/es\/estas-listo\/\" \/>\n<meta property=\"og:site_name\" content=\"El Camino Aret\u00e9\" \/>\n<meta property=\"article:modified_time\" content=\"2019-03-13T09:51:34+00:00\" \/>\n<meta property=\"og:image\" content=\"https:\/\/elcaminoarete.com\/es\/wp-content\/uploads\/sites\/3\/2019\/03\/walking-mountain-adventure-backpack-soil-pilgrimage-1326907-pxhere.com_-1024x576.jpg\" \/>\n<meta name=\"twitter:card\" content=\"summary_large_image\" \/>\n<meta name=\"twitter:label1\" content=\"Tiempo de lectura\" \/>\n\t<meta name=\"twitter:data1\" content=\"2 minutos\" \/>\n<script type=\"application\/ld+json\" class=\"yoast-schema-graph\">{\"@context\":\"https:\/\/schema.org\",\"@graph\":[{\"@type\":\"WebPage\",\"@id\":\"https:\/\/elcaminoarete.com\/es\/estas-listo\/\",\"url\":\"https:\/\/elcaminoarete.com\/es\/estas-listo\/\",\"name\":\"\u00bfEstas listo? - El Camino Aret\u00e9\",\"isPartOf\":{\"@id\":\"https:\/\/elcaminoarete.com\/es\/#website\"},\"datePublished\":\"2019-03-07T19:43:04+00:00\",\"dateModified\":\"2019-03-13T09:51:34+00:00\",\"breadcrumb\":{\"@id\":\"https:\/\/elcaminoarete.com\/es\/estas-listo\/#breadcrumb\"},\"inLanguage\":\"es\",\"potentialAction\":[{\"@type\":\"ReadAction\",\"target\":[\"https:\/\/elcaminoarete.com\/es\/estas-listo\/\"]}]},{\"@type\":\"BreadcrumbList\",\"@id\":\"https:\/\/elcaminoarete.com\/es\/estas-listo\/#breadcrumb\",\"itemListElement\":[{\"@type\":\"ListItem\",\"position\":1,\"name\":\"Portada\",\"item\":\"https:\/\/elcaminoarete.com\/es\/\"},{\"@type\":\"ListItem\",\"position\":2,\"name\":\"\u00bfEstas listo?\"}]},{\"@type\":\"WebSite\",\"@id\":\"https:\/\/elcaminoarete.com\/es\/#website\",\"url\":\"https:\/\/elcaminoarete.com\/es\/\",\"name\":\"El Camino Aret\u00e9\",\"description\":\"Coaching en el Camino de Santiago\",\"potentialAction\":[{\"@type\":\"SearchAction\",\"target\":{\"@type\":\"EntryPoint\",\"urlTemplate\":\"https:\/\/elcaminoarete.com\/es\/?s={search_term_string}\"},\"query-input\":\"required name=search_term_string\"}],\"inLanguage\":\"es\"}]}<\/script>\n<!-- \/ Yoast SEO plugin. -->","yoast_head_json":{"title":"\u00bfEstas listo? - El Camino Aret\u00e9","robots":{"index":"index","follow":"follow","max-snippet":"max-snippet:-1","max-image-preview":"max-image-preview:large","max-video-preview":"max-video-preview:-1"},"canonical":"https:\/\/elcaminoarete.com\/es\/estas-listo\/","og_locale":"es_ES","og_type":"article","og_title":"\u00bfEstas listo? - El Camino Aret\u00e9","og_description":"Una de las dudas que asaltan a peregrinos primerizos es si van a ser capaces de aguantar con garant\u00edas este gran reto que supone peregrinar y si necesitan alguna preparaci\u00f3n f\u00edsica para el Camino de Santiago. Con estas lineas trataremos de establecer una serie de recomendaciones generales con las que prepararte previamente y que har\u00e1n...","og_url":"https:\/\/elcaminoarete.com\/es\/estas-listo\/","og_site_name":"El Camino Aret\u00e9","article_modified_time":"2019-03-13T09:51:34+00:00","og_image":[{"url":"https:\/\/elcaminoarete.com\/es\/wp-content\/uploads\/sites\/3\/2019\/03\/walking-mountain-adventure-backpack-soil-pilgrimage-1326907-pxhere.com_-1024x576.jpg"}],"twitter_card":"summary_large_image","twitter_misc":{"Tiempo de lectura":"2 minutos"},"schema":{"@context":"https:\/\/schema.org","@graph":[{"@type":"WebPage","@id":"https:\/\/elcaminoarete.com\/es\/estas-listo\/","url":"https:\/\/elcaminoarete.com\/es\/estas-listo\/","name":"\u00bfEstas listo? - El Camino Aret\u00e9","isPartOf":{"@id":"https:\/\/elcaminoarete.com\/es\/#website"},"datePublished":"2019-03-07T19:43:04+00:00","dateModified":"2019-03-13T09:51:34+00:00","breadcrumb":{"@id":"https:\/\/elcaminoarete.com\/es\/estas-listo\/#breadcrumb"},"inLanguage":"es","potentialAction":[{"@type":"ReadAction","target":["https:\/\/elcaminoarete.com\/es\/estas-listo\/"]}]},{"@type":"BreadcrumbList","@id":"https:\/\/elcaminoarete.com\/es\/estas-listo\/#breadcrumb","itemListElement":[{"@type":"ListItem","position":1,"name":"Portada","item":"https:\/\/elcaminoarete.com\/es\/"},{"@type":"ListItem","position":2,"name":"\u00bfEstas listo?"}]},{"@type":"WebSite","@id":"https:\/\/elcaminoarete.com\/es\/#website","url":"https:\/\/elcaminoarete.com\/es\/","name":"El Camino Aret\u00e9","description":"Coaching en el Camino de Santiago","potentialAction":[{"@type":"SearchAction","target":{"@type":"EntryPoint","urlTemplate":"https:\/\/elcaminoarete.com\/es\/?s={search_term_string}"},"query-input":"required name=search_term_string"}],"inLanguage":"es"}]}},"_links":{"self":[{"href":"https:\/\/elcaminoarete.com\/es\/wp-json\/wp\/v2\/pages\/1194"}],"collection":[{"href":"https:\/\/elcaminoarete.com\/es\/wp-json\/wp\/v2\/pages"}],"about":[{"href":"https:\/\/elcaminoarete.com\/es\/wp-json\/wp\/v2\/types\/page"}],"author":[{"embeddable":true,"href":"https:\/\/elcaminoarete.com\/es\/wp-json\/wp\/v2\/users\/3"}],"replies":[{"embeddable":true,"href":"https:\/\/elcaminoarete.com\/es\/wp-json\/wp\/v2\/comments?post=1194"}],"version-history":[{"count":2,"href":"https:\/\/elcaminoarete.com\/es\/wp-json\/wp\/v2\/pages\/1194\/revisions"}],"predecessor-version":[{"id":1247,"href":"https:\/\/elcaminoarete.com\/es\/wp-json\/wp\/v2\/pages\/1194\/revisions\/1247"}],"wp:attachment":[{"href":"https:\/\/elcaminoarete.com\/es\/wp-json\/wp\/v2\/media?parent=1194"}],"curies":[{"name":"wp","href":"https:\/\/api.w.org\/{rel}","templated":true}]}}