{"id":1196,"date":"2019-03-07T19:44:41","date_gmt":"2019-03-07T19:44:41","guid":{"rendered":"https:\/\/elcaminoarete.com\/es\/?page_id=1196"},"modified":"2019-03-13T10:30:13","modified_gmt":"2019-03-13T10:30:13","slug":"viajas-de-fuera-de-espana","status":"publish","type":"page","link":"https:\/\/elcaminoarete.com\/es\/viajas-de-fuera-de-espana\/","title":{"rendered":"\u00bfViajas de fuera de Espa\u00f1a?"},"content":{"rendered":"\n<h2 class=\"wp-block-heading\">\u00bfC\u00f3mo llegar a Sarria?<\/h2>\n\n\n\n<figure class=\"wp-block-image\"><img loading=\"lazy\" decoding=\"async\" width=\"612\" height=\"612\" src=\"https:\/\/elcaminoarete.com\/es\/wp-content\/uploads\/sites\/3\/2019\/03\/4f1a9f1424291a1d1793457b6f42ef44.jpg\" alt=\"\" class=\"wp-image-1250\" srcset=\"https:\/\/elcaminoarete.com\/es\/wp-content\/uploads\/sites\/3\/2019\/03\/4f1a9f1424291a1d1793457b6f42ef44.jpg 612w, https:\/\/elcaminoarete.com\/es\/wp-content\/uploads\/sites\/3\/2019\/03\/4f1a9f1424291a1d1793457b6f42ef44-150x150.jpg 150w, https:\/\/elcaminoarete.com\/es\/wp-content\/uploads\/sites\/3\/2019\/03\/4f1a9f1424291a1d1793457b6f42ef44-300x300.jpg 300w, https:\/\/elcaminoarete.com\/es\/wp-content\/uploads\/sites\/3\/2019\/03\/4f1a9f1424291a1d1793457b6f42ef44-350x350.jpg 350w, https:\/\/elcaminoarete.com\/es\/wp-content\/uploads\/sites\/3\/2019\/03\/4f1a9f1424291a1d1793457b6f42ef44-500x500.jpg 500w\" sizes=\"(max-width: 612px) 100vw, 612px\" \/><\/figure>\n\n\n\n<p><strong>En tren.<\/strong>&nbsp;Hay enlace directo (o con cambio en Monforte de Lemos) con trenes diurnos que salen de Barcelona, Madrid y Bilbao, y con trenes nocturnos desde Barcelona y Madrid. Ver horarios en&nbsp;<a href=\"http:\/\/www.renfe.com\/\" target=\"_blank\" rel=\"noreferrer noopener\">Renfe<\/a>.<\/p>\n\n\n\n<p><strong>En avi\u00f3n.<\/strong>\u00a0El aeropuerto m\u00e1s cercano es el de<a href=\"http:\/\/www.aena.es\/en\/santiago-airport\/index.html\"> Santiago de Compostela<\/a>. Desde el mismo aeropuerto hay servicio de autob\u00fas a Lugo (empresa\u00a0<a rel=\"noreferrer noopener\" href=\"http:\/\/www.empresafreire.com\/\" target=\"_blank\">Freire<\/a>), con entre 5 y 7 frecuencias diarias, y 2 horas de viaje. En Lugo, la empresa\u00a0<a rel=\"noreferrer noopener\" href=\"http:\/\/www.monbus.es\/\" target=\"_blank\">Monbus<\/a>\u00a0enlaza en 35 minutos Lugo con Sarria, con un servicio cada hora aproximadamente.<\/p>\n\n\n\n<p><strong>En autob\u00fas.<\/strong>\u00a0Sarria s\u00f3lo cuenta con enlaces de corta distancia; el m\u00e1s importante es con la capital de provincia, Lugo (empresa\u00a0<a rel=\"noreferrer noopener\" href=\"http:\/\/www.monbus.es\/\" target=\"_blank\">Monbus<\/a>).<\/p>\n\n\n\n<h2 class=\"wp-block-heading\">\u00bfComo llegar a Pamplona-Roncesvalles?<\/h2>\n\n\n\n<figure class=\"wp-block-image\"><img loading=\"lazy\" decoding=\"async\" width=\"1024\" height=\"779\" src=\"https:\/\/elcaminoarete.com\/es\/wp-content\/uploads\/sites\/3\/2019\/03\/1795408168_da97bb5897_b-1024x779-1024x779.jpg\" alt=\"\" class=\"wp-image-1179\" srcset=\"https:\/\/elcaminoarete.com\/es\/wp-content\/uploads\/sites\/3\/2019\/03\/1795408168_da97bb5897_b-1024x779.jpg 1024w, https:\/\/elcaminoarete.com\/es\/wp-content\/uploads\/sites\/3\/2019\/03\/1795408168_da97bb5897_b-1024x779-300x228.jpg 300w, https:\/\/elcaminoarete.com\/es\/wp-content\/uploads\/sites\/3\/2019\/03\/1795408168_da97bb5897_b-1024x779-500x380.jpg 500w\" sizes=\"(max-width: 1024px) 100vw, 1024px\" \/><figcaption>Ayuntamiento de Pamplona<\/figcaption><\/figure>\n\n\n\n<p>Para ir a Roncesvalles antes hemos de llegar a Pamplona; desde Madrid y Barcelona hay vuelos directos (<a rel=\"noreferrer noopener\" href=\"http:\/\/www.iberia.com\/\" target=\"_blank\">Iberia<\/a>) y hoy contamos con un vuelo desde Frankfurt operado por <a href=\"https:\/\/www.lufthansa.com\">Luftansa<\/a>, pero lo m\u00e1s habitual es tomar el tren (<a rel=\"noreferrer noopener\" href=\"http:\/\/www.renfe.com\/\" target=\"_blank\">Renfe<\/a>) o el autob\u00fas (<a rel=\"noreferrer noopener\" href=\"http:\/\/www.conda.es\/\" target=\"_blank\">Conda<\/a>,\u00a0<a rel=\"noreferrer noopener\" href=\"http:\/\/www.alsa.es\/\" target=\"_blank\">Alsa<\/a>,\u00a0<a rel=\"noreferrer noopener\" href=\"http:\/\/www.autobuseslaunion.com\/\" target=\"_blank\">La Burundesa<\/a>,\u00a0<a rel=\"noreferrer noopener\" href=\"http:\/\/www.vibasa.com\/\" target=\"_blank\">Vibasa<\/a>\u00a0y\u00a0<a rel=\"noreferrer noopener\" href=\"http:\/\/www.plmautocares.com\/\" target=\"_blank\">PLM<\/a>&#8230;<\/p>\n\n\n\n<p>Desde la estaci\u00f3n de autobuses de Pamplona,&nbsp;<a href=\"http:\/\/www.autocaresartieda.com\/\" target=\"_blank\" rel=\"noreferrer noopener\">Autocares Artieda<\/a>&nbsp;enlaza con Roncesvalles; de lunes a viernes a las 18:00, los s\u00e1bados a las 16:00, y los domingos y festivos no hay servicio. Los meses de julio y agosto se a\u00f1ade otro servicio a las 10:00 (excepto domingos y festivos). La duraci\u00f3n del viaje es de 1 h y 10 m, y el precio de 6 euros (y 6 euros por bicicleta). Podemos confirmar los horarios en web de la&nbsp;<a href=\"http:\/\/www.estaciondeautobusesdepamplona.com\/Inicio.aspx.html\" target=\"_blank\" rel=\"noreferrer noopener\">Estaci\u00f3n de Autobuses de Pamplona<\/a>.<\/p>\n\n\n\n<p>El precio orientativo del taxi entre Pamplona y Roncesvalles es de 60 euros (d\u00edas laborables) y 70 euros (s\u00e1bados, domingos y festivos).<\/p>\n","protected":false},"excerpt":{"rendered":"<p>\u00bfC\u00f3mo llegar a Sarria? En tren.&nbsp;Hay enlace directo (o con cambio en Monforte de Lemos) con trenes diurnos que salen de Barcelona, Madrid y Bilbao, y con trenes nocturnos desde Barcelona y Madrid. Ver horarios en&nbsp;Renfe. En avi\u00f3n.\u00a0El aeropuerto m\u00e1s cercano es el de Santiago de Compostela. Desde el mismo aeropuerto hay servicio de autob\u00fas&#8230;<\/p>\n","protected":false},"author":3,"featured_media":0,"parent":0,"menu_order":0,"comment_status":"closed","ping_status":"closed","template":"","meta":{"_exactmetrics_skip_tracking":false,"_exactmetrics_sitenote_active":false,"_exactmetrics_sitenote_note":"","_exactmetrics_sitenote_category":0,"footnotes":""},"yoast_head":"<!-- This site is optimized with the Yoast SEO plugin v22.1 - https:\/\/yoast.com\/wordpress\/plugins\/seo\/ -->\n<title>\u00bfViajas de fuera de Espa\u00f1a? - El Camino Aret\u00e9<\/title>\n<meta name=\"robots\" content=\"index, follow, max-snippet:-1, max-image-preview:large, max-video-preview:-1\" \/>\n<link rel=\"canonical\" href=\"https:\/\/elcaminoarete.com\/es\/viajas-de-fuera-de-espana\/\" \/>\n<meta property=\"og:locale\" content=\"es_ES\" \/>\n<meta property=\"og:type\" content=\"article\" \/>\n<meta property=\"og:title\" content=\"\u00bfViajas de fuera de Espa\u00f1a? - El Camino Aret\u00e9\" \/>\n<meta property=\"og:description\" content=\"\u00bfC\u00f3mo llegar a Sarria? En tren.&nbsp;Hay enlace directo (o con cambio en Monforte de Lemos) con trenes diurnos que salen de Barcelona, Madrid y Bilbao, y con trenes nocturnos desde Barcelona y Madrid. Ver horarios en&nbsp;Renfe. En avi\u00f3n.\u00a0El aeropuerto m\u00e1s cercano es el de Santiago de Compostela. Desde el mismo aeropuerto hay servicio de autob\u00fas...\" \/>\n<meta property=\"og:url\" content=\"https:\/\/elcaminoarete.com\/es\/viajas-de-fuera-de-espana\/\" \/>\n<meta property=\"og:site_name\" content=\"El Camino Aret\u00e9\" \/>\n<meta property=\"article:modified_time\" content=\"2019-03-13T10:30:13+00:00\" \/>\n<meta property=\"og:image\" content=\"https:\/\/elcaminoarete.com\/es\/wp-content\/uploads\/sites\/3\/2019\/03\/4f1a9f1424291a1d1793457b6f42ef44.jpg\" \/>\n<meta name=\"twitter:card\" content=\"summary_large_image\" \/>\n<meta name=\"twitter:label1\" content=\"Tiempo de lectura\" \/>\n\t<meta name=\"twitter:data1\" content=\"1 minuto\" \/>\n<script type=\"application\/ld+json\" class=\"yoast-schema-graph\">{\"@context\":\"https:\/\/schema.org\",\"@graph\":[{\"@type\":\"WebPage\",\"@id\":\"https:\/\/elcaminoarete.com\/es\/viajas-de-fuera-de-espana\/\",\"url\":\"https:\/\/elcaminoarete.com\/es\/viajas-de-fuera-de-espana\/\",\"name\":\"\u00bfViajas de fuera de Espa\u00f1a? - El Camino Aret\u00e9\",\"isPartOf\":{\"@id\":\"https:\/\/elcaminoarete.com\/es\/#website\"},\"datePublished\":\"2019-03-07T19:44:41+00:00\",\"dateModified\":\"2019-03-13T10:30:13+00:00\",\"breadcrumb\":{\"@id\":\"https:\/\/elcaminoarete.com\/es\/viajas-de-fuera-de-espana\/#breadcrumb\"},\"inLanguage\":\"es\",\"potentialAction\":[{\"@type\":\"ReadAction\",\"target\":[\"https:\/\/elcaminoarete.com\/es\/viajas-de-fuera-de-espana\/\"]}]},{\"@type\":\"BreadcrumbList\",\"@id\":\"https:\/\/elcaminoarete.com\/es\/viajas-de-fuera-de-espana\/#breadcrumb\",\"itemListElement\":[{\"@type\":\"ListItem\",\"position\":1,\"name\":\"Portada\",\"item\":\"https:\/\/elcaminoarete.com\/es\/\"},{\"@type\":\"ListItem\",\"position\":2,\"name\":\"\u00bfViajas de fuera de Espa\u00f1a?\"}]},{\"@type\":\"WebSite\",\"@id\":\"https:\/\/elcaminoarete.com\/es\/#website\",\"url\":\"https:\/\/elcaminoarete.com\/es\/\",\"name\":\"El Camino Aret\u00e9\",\"description\":\"Coaching en el Camino de Santiago\",\"potentialAction\":[{\"@type\":\"SearchAction\",\"target\":{\"@type\":\"EntryPoint\",\"urlTemplate\":\"https:\/\/elcaminoarete.com\/es\/?s={search_term_string}\"},\"query-input\":\"required name=search_term_string\"}],\"inLanguage\":\"es\"}]}<\/script>\n<!-- \/ Yoast SEO plugin. -->","yoast_head_json":{"title":"\u00bfViajas de fuera de Espa\u00f1a? - El Camino Aret\u00e9","robots":{"index":"index","follow":"follow","max-snippet":"max-snippet:-1","max-image-preview":"max-image-preview:large","max-video-preview":"max-video-preview:-1"},"canonical":"https:\/\/elcaminoarete.com\/es\/viajas-de-fuera-de-espana\/","og_locale":"es_ES","og_type":"article","og_title":"\u00bfViajas de fuera de Espa\u00f1a? - El Camino Aret\u00e9","og_description":"\u00bfC\u00f3mo llegar a Sarria? En tren.&nbsp;Hay enlace directo (o con cambio en Monforte de Lemos) con trenes diurnos que salen de Barcelona, Madrid y Bilbao, y con trenes nocturnos desde Barcelona y Madrid. Ver horarios en&nbsp;Renfe. En avi\u00f3n.\u00a0El aeropuerto m\u00e1s cercano es el de Santiago de Compostela. Desde el mismo aeropuerto hay servicio de autob\u00fas...","og_url":"https:\/\/elcaminoarete.com\/es\/viajas-de-fuera-de-espana\/","og_site_name":"El Camino Aret\u00e9","article_modified_time":"2019-03-13T10:30:13+00:00","og_image":[{"url":"https:\/\/elcaminoarete.com\/es\/wp-content\/uploads\/sites\/3\/2019\/03\/4f1a9f1424291a1d1793457b6f42ef44.jpg"}],"twitter_card":"summary_large_image","twitter_misc":{"Tiempo de lectura":"1 minuto"},"schema":{"@context":"https:\/\/schema.org","@graph":[{"@type":"WebPage","@id":"https:\/\/elcaminoarete.com\/es\/viajas-de-fuera-de-espana\/","url":"https:\/\/elcaminoarete.com\/es\/viajas-de-fuera-de-espana\/","name":"\u00bfViajas de fuera de Espa\u00f1a? - El Camino Aret\u00e9","isPartOf":{"@id":"https:\/\/elcaminoarete.com\/es\/#website"},"datePublished":"2019-03-07T19:44:41+00:00","dateModified":"2019-03-13T10:30:13+00:00","breadcrumb":{"@id":"https:\/\/elcaminoarete.com\/es\/viajas-de-fuera-de-espana\/#breadcrumb"},"inLanguage":"es","potentialAction":[{"@type":"ReadAction","target":["https:\/\/elcaminoarete.com\/es\/viajas-de-fuera-de-espana\/"]}]},{"@type":"BreadcrumbList","@id":"https:\/\/elcaminoarete.com\/es\/viajas-de-fuera-de-espana\/#breadcrumb","itemListElement":[{"@type":"ListItem","position":1,"name":"Portada","item":"https:\/\/elcaminoarete.com\/es\/"},{"@type":"ListItem","position":2,"name":"\u00bfViajas de fuera de Espa\u00f1a?"}]},{"@type":"WebSite","@id":"https:\/\/elcaminoarete.com\/es\/#website","url":"https:\/\/elcaminoarete.com\/es\/","name":"El Camino Aret\u00e9","description":"Coaching en el Camino de Santiago","potentialAction":[{"@type":"SearchAction","target":{"@type":"EntryPoint","urlTemplate":"https:\/\/elcaminoarete.com\/es\/?s={search_term_string}"},"query-input":"required name=search_term_string"}],"inLanguage":"es"}]}},"_links":{"self":[{"href":"https:\/\/elcaminoarete.com\/es\/wp-json\/wp\/v2\/pages\/1196"}],"collection":[{"href":"https:\/\/elcaminoarete.com\/es\/wp-json\/wp\/v2\/pages"}],"about":[{"href":"https:\/\/elcaminoarete.com\/es\/wp-json\/wp\/v2\/types\/page"}],"author":[{"embeddable":true,"href":"https:\/\/elcaminoarete.com\/es\/wp-json\/wp\/v2\/users\/3"}],"replies":[{"embeddable":true,"href":"https:\/\/elcaminoarete.com\/es\/wp-json\/wp\/v2\/comments?post=1196"}],"version-history":[{"count":5,"href":"https:\/\/elcaminoarete.com\/es\/wp-json\/wp\/v2\/pages\/1196\/revisions"}],"predecessor-version":[{"id":1255,"href":"https:\/\/elcaminoarete.com\/es\/wp-json\/wp\/v2\/pages\/1196\/revisions\/1255"}],"wp:attachment":[{"href":"https:\/\/elcaminoarete.com\/es\/wp-json\/wp\/v2\/media?parent=1196"}],"curies":[{"name":"wp","href":"https:\/\/api.w.org\/{rel}","templated":true}]}}