{"id":1301,"date":"2019-04-29T15:07:54","date_gmt":"2019-04-29T15:07:54","guid":{"rendered":"https:\/\/elcaminoarete.com\/es\/?page_id=1301"},"modified":"2019-04-29T15:12:58","modified_gmt":"2019-04-29T15:12:58","slug":"politica-de-cookies","status":"publish","type":"page","link":"https:\/\/elcaminoarete.com\/es\/politica-de-cookies\/","title":{"rendered":"Pol\u00edtica de Cookies"},"content":{"rendered":"<h1>Pol\u00edtica de Cookies<\/h1>\n<p>Los cookies son ficheros de texto de peque\u00f1o tama\u00f1o que se almacenan en el disco\u00a0duro o en la memoria del ordenador que accede o visita las p\u00e1ginas de determinados\u00a0sitios web, de forma que se puedan conocer las preferencias del usuario al volver a\u00a0conectarse.<\/p>\n<p>Las cookies almacenadas en el disco duro del usuario no pueden leer los datos\u00a0contenidos en \u00e9l, acceder a informaci\u00f3n personal ni leer las cookies creadas por otros\u00a0proveedores.<\/p>\n<p>La mayor\u00eda de los navegadores aceptan como est\u00e1ndar a las cookies y, con\u00a0independencia de las mismas, permiten o impiden en los ajustes de seguridad las\u00a0cookies temporales o memorizadas.<\/p>\n<p>Sin su expreso consentimiento \u2013mediante la activaci\u00f3n de las cookies en su navegador\u2013 El Camino Aret\u00e9, no enlazar\u00e1 en las cookies los datos memorizados con sus datos personales proporcionados en el momento del registro a trav\u00e9s de nuestros formularios web.<\/p>\n<p><strong>Tipos de cookies:<\/strong><\/p>\n<p>Seg\u00fan quien sea la entidad que gestione el dominio desde donde se env\u00edan las\u00a0cookies y trate los datos que se obtengan se pueden distinguir dos tipos:\u00a0cookies\u00a0propias y cookies de terceros\u00a0.<\/p>\n<p>Existe tambi\u00e9n una segunda clasificaci\u00f3n seg\u00fan el plazo de tiempo que permanecen\u00a0almacenadas en el navegador del cliente, pudiendo tratarse de\u00a0cookies de sesi\u00f3n o\u00a0cookies persistentes\u00a0.<\/p>\n<p>Por \u00faltimo, existe otra clasificaci\u00f3n con cinco tipos de cookies seg\u00fan la finalidad para\u00a0la que se traten los datos obtenidos:\u00a0cookies t\u00e9cnicas, cookies de personalizaci\u00f3n,\u00a0cookies de an\u00e1lisis, cookies publicitarias y cookies de publicidad\u00a0comportamental\u00a0.<\/p>\n<p>Se informa a los usuarios del sitio web: https:\/\/www.elcaminoarete.com\/ de que para su correcto funcionamiento es necesario el uso de este tipo de tecnolog\u00eda.<\/p>\n<p>En nuestra web utilizamos cookies propias y de terceros para mejorar su experiencia\u00a0de usuario:<\/p>\n<p>.-\u00a0<em>Cookies propias<\/em>: Son estrictamente necesarias. Son cookies temporales que\u00a0permanecen en el archivo de cookies de su navegador hasta que abandone la p\u00e1gina\u00a0web, por lo que ninguna queda registrada en el disco duro del usuario, sirven para\u00a0asegurar que el contenido de la p\u00e1gina web se carga eficazmente y garantizan la\u00a0correcta navegaci\u00f3n por el sitio web.<\/p>\n<p>La informaci\u00f3n obtenida por medio de estas cookies, sirve para analizar pautas de\u00a0tr\u00e1fico en la web. A la larga, esto nos permite proporcionar una mejor experiencia para\u00a0mejorar el contenido y facilitando su uso.<\/p>\n<p>.-\u00a0<em>Cookies anal\u00edticas<\/em>\u00a0con prop\u00f3sitos de mantenimiento peri\u00f3dico, y en aras de\u00a0garantizar el mejor servicio posible al usuario.<\/p>\n<p>La informaci\u00f3n recogida mediante este tipo de cookies se utiliza en la medici\u00f3n de la\u00a0actividad de la web, con el fin de introducir mejoras en funci\u00f3n del an\u00e1lisis de los datos\u00a0de uso que hacen los usuarios del servicio.<\/p>\n<p>.-\u00a0<em>Cookies de terceros:<\/em>\u00a0Cookies de Marketing: son gestionadas por terceros, con lo\u00a0que podr\u00e1 utilizar las herramientas de \u00e9stos para restringir el uso de estas cookies.<\/p>\n<p>Algunas de las cookies se utilizan para enlazar a otras p\u00e1ginas web que proporcionan ciertos servicios a El Camino Aret\u00e9.<\/p>\n<p>En particular, este sitio Web utiliza Google Analytics, un servicio anal\u00edtico de web prestado por Google, Inc. con domicilio en los Estados Unidos con sede central en\u00a01600 Amphitheatre Parkway, Mountain View, California 94043.\u00a0 Para la prestaci\u00f3n de\u00a0estos servicios, estos\u00a0utilizan cookies que recopilan la informaci\u00f3n, incluida la direcci\u00f3n\u00a0IP del usuario, que ser\u00e1\u00a0transmitida, tratada y almacenada por\u00a0Google\u00a0en los t\u00e9rminos\u00a0fijados en la Web Google.com. Incluyendo la posible\u00a0transmisi\u00f3n de dicha informaci\u00f3n\u00a0a terceros por razones de exigencia legal o cuando dichos terceros\u00a0procesen la\u00a0informaci\u00f3n por cuenta de Google.<\/p>\n<p>Si navega por nuestro sitio web, estar\u00e1 aceptando el uso de las cookies en las\u00a0condiciones establecidas en la presente pol\u00edtica de cookies. Esta pol\u00edtica puede ser\u00a0actualizada, por lo que te invitamos a revisarla de forma regular.<\/p>\n<p><strong>NOTA IMPORTANTE<\/strong>: Las cookies que catalogamos como propias son\u00a0imprescindibles para navegar con normalidad por nuestros sitios web.<\/p>\n<p>En el sitio web de El Camino Aret\u00e9 tambi\u00e9n se incluyen botones que los usuarios pueden utilizar, de forma sencilla e intuitiva, para enlazar y compartir ciertos contenidos de la<\/p>\n<p>web con redes sociales.<\/p>\n<p>Las redes sociales con las que interactuamos en nuestra web utilizan cookies en sus botones para compartir. No tenemos ninguna intervenci\u00f3n, control o reporte de resultados, son responsabilidad de cada red social. Cuando el Usuario se registra en un Servicio con credenciales de una red social, autoriza a la red social a guardar una Cookie persistente que recuerda su identidad y le garantiza acceso a los Servicios hasta que expira.<\/p>\n<p>El Usuario puede borrar esta Cookie y revocar el acceso a los Servicios mediante\u00a0redes sociales actualizando sus preferencias en la red social que espec\u00edfica.<\/p>\n<p><em>Facebook Connect<\/em>: es una aplicaci\u00f3n que te permite navegar por Internet con tu identidad de usuario. As\u00ed, puedes comentar y compartir contenidos de otras web y toda esa actividad aparecer\u00e1 en tu muro. Es voluntario.<\/p>\n<p><em>Facebook<\/em>\u00a0social plugins: Se refiere a los botones, me gusta, enviar, seguir,\u00a0recomendar, etc.<\/p>\n<p><em>LinkendIn<\/em>: En su bot\u00f3n para compartir y sobre las que no tenemos ninguna\u00a0intervenci\u00f3n, control o reporte de resultados, son exclusivamente responsabilidad de\u00a0<em>LinkendIn<\/em>.<\/p>\n<p><em>Twitter<\/em>: En su bot\u00f3n para compartir y sobre las que no tenemos ninguna intervenci\u00f3n,\u00a0control o reporte de resultados, son exclusivamente responsabilidad de\u00a0<em>Twitter<\/em>.<\/p>\n<p><em>Youtube<\/em>: Bot\u00f3n para compartir videos.<\/p>\n<p>Te recomendamos que antes de interactuar en las redes sociales, visites sus pol\u00edticas\u00a0de privacidad y de cookies.<\/p>\n<p>El Camino Aret\u00e9 no es titular ni patrocina los enlaces indicados anteriormente, por lo que no asume responsabilidad alguna sobre su contenido ni sobre su actualizaci\u00f3n.<\/p>\n<p><strong>A continuaci\u00f3n publicamos una relaci\u00f3n de las principales\u00a0cookies utilizadas en nuestra web<\/strong><\/p>\n<p><a ref=\"magnificPopup\" href=\"https:\/\/www.arete-activa.com\/wp-content\/uploads\/2016\/06\/Cookies-propias.png\"><img loading=\"lazy\" decoding=\"async\" class=\"wp-image-8312 alignnone\" src=\"https:\/\/www.arete-activa.com\/wp-content\/uploads\/2016\/06\/Cookies-propias.png\" sizes=\"(max-width: 661px) 100vw, 661px\" srcset=\"https:\/\/www.arete-activa.com\/wp-content\/uploads\/2016\/06\/Cookies-propias.png 682w, https:\/\/www.arete-activa.com\/wp-content\/uploads\/2016\/06\/Cookies-propias-300x131.png 300w, https:\/\/www.arete-activa.com\/wp-content\/uploads\/2016\/06\/Cookies-propias-200x87.png 200w\" alt=\"Pol\u00edtica de Cookies-Cookies propias\" width=\"661\" height=\"288\" \/><\/a><\/p>\n<p><a ref=\"magnificPopup\" href=\"https:\/\/www.arete-activa.com\/wp-content\/uploads\/2016\/06\/Cookies-a-terceros.png\"><img loading=\"lazy\" decoding=\"async\" class=\"wp-image-8313 alignleft\" src=\"https:\/\/www.arete-activa.com\/wp-content\/uploads\/2016\/06\/Cookies-a-terceros.png\" alt=\"Pol\u00edtica de Cookies-Cookies a terceros\" width=\"694\" height=\"799\" \/><\/a><\/p>\n<p>&nbsp;<\/p>\n<p>&nbsp;<\/p>\n<p>&nbsp;<\/p>\n<p>&nbsp;<\/p>\n<p>&nbsp;<\/p>\n<p>&nbsp;<\/p>\n<p>&nbsp;<\/p>\n<p>&nbsp;<\/p>\n<p>&nbsp;<\/p>\n<p>&nbsp;<\/p>\n<p>&nbsp;<\/p>\n<p>&nbsp;<\/p>\n<p>&nbsp;<\/p>\n<p>&nbsp;<\/p>\n<p>&nbsp;<\/p>\n<p>&nbsp;<\/p>\n<p>&nbsp;<\/p>\n<p>&nbsp;<\/p>\n<p>Este listado se actualizar\u00e1 a medida que cambien los servicios web ofrecidos en este\u00a0sitio con la mayor celeridad posible. No obstante, puntualmente durante dicha\u00a0actualizaci\u00f3n podr\u00eda ocurrir que el listado dejara de incluir alguna cookie, si bien se\u00a0tratar\u00e1 siempre de cookies con finalidades id\u00e9nticas a las que constan en el presente\u00a0listado.<\/p>\n<p><strong>CONFIGURACION DE LAS COOKIES<\/strong><\/p>\n<p>Adem\u00e1s de aceptar o rechazar el uso de ciertas cookies a trav\u00e9s de la p\u00e1gina web de El Camino Aret\u00e9 tambi\u00e9n podr\u00e1 gestionarlas haciendo uso de la configuraci\u00f3n de su navegador.<\/p>\n<p>Los navegadores m\u00e1s populares tienen opciones de configuraci\u00f3n y funcionalidades\u00a0de seguridad que te permiten evitar la instalaci\u00f3n de cookies y\/o de otros sistemas de\u00a0recogida de datos de navegaci\u00f3n en tu dispositivo. Puede configurar su navegador\u00a0para que rechace las cookies, pero esto podr\u00eda impedirle realizar algunas operaciones,usar determinadas funcionalidades o tener acceso a algunos contenidos de nuestra\u00a0web.\u00a0El usuario podr\u00e1 -en cualquier momento- elegir qu\u00e9 cookies quiere que\u00a0funcionen en este sitio web mediante:<\/p>\n<p>La modificaci\u00f3n de la configuraci\u00f3n de su \u00a0navegador; por ejemplo:<\/p>\n<ul>\n<li>Chrome, desde\u00a0http:\/\/support.google.com\/chrome\/bin\/answer.py?hl=es&amp;answer=95647<\/li>\n<li>Explorer, desde\u00a0http:\/\/windows.microsoft.com\/es-es\/windows7\/how- to-manage- cookies-in-<\/li>\n<li>internet-explorer- 9<\/li>\n<li>Firefox, desde\u00a0http:\/\/support.mozilla.org\/es\/kb\/habilitar-y- deshabilitar-cookies- que-los- sitios-we<\/li>\n<li>Safari, desde\u00a0http:\/\/support.apple.com\/kb\/ph5042<\/li>\n<\/ul>\n<p>La utilizaci\u00f3n herramientas de terceros, disponibles on line, que permiten\u00a0a los usuarios detectar las cookies en cada sitio web que visita y\u00a0gestionar su desactivaci\u00f3n.<\/p>\n<p>El Camino Aret\u00e9 no se responsabiliza de las modificaciones que puedan sufrir las configuraciones de cada navegador. Se recomienda verificar las pol\u00edticas de cookies de cada navegador peri\u00f3dicamente.<\/p>\n<p>Tan solo leeremos o escribiremos cookies acerca de sus preferencias. Aquellas que\u00a0hayan sido instaladas antes de modificar la configuraci\u00f3n permanecer\u00e1n en su\u00a0ordenador y podr\u00e1 borrarlas haciendo uso de las opciones de configuraci\u00f3n de su\u00a0navegador.<\/p>\n<p>Esta web no utiliza t\u00e9cnicas de \u201cSpaming\u201d. Tan s\u00f3lo tratar\u00e1 la informaci\u00f3n que el\u00a0usuario facilite a trav\u00e9s de correo electr\u00f3nico.<\/p>\n<p>Este sitio web ha sido dise\u00f1ado para ser utilizado por adultos. Los menores de edad,\u00a0antes de enviar cualquier mensaje de correo electr\u00f3nico, deber\u00e1n pedir permiso a sus\u00a0padres o tutores.<\/p>\n","protected":false},"excerpt":{"rendered":"<p>Pol\u00edtica de Cookies Los cookies son ficheros de texto de peque\u00f1o tama\u00f1o que se almacenan en el disco\u00a0duro o en la memoria del ordenador que accede o visita las p\u00e1ginas de determinados\u00a0sitios web, de forma que se puedan conocer las preferencias del usuario al volver a\u00a0conectarse. Las cookies almacenadas en el disco duro del usuario&#8230;<\/p>\n","protected":false},"author":1,"featured_media":0,"parent":0,"menu_order":0,"comment_status":"closed","ping_status":"closed","template":"","meta":{"_exactmetrics_skip_tracking":false,"_exactmetrics_sitenote_active":false,"_exactmetrics_sitenote_note":"","_exactmetrics_sitenote_category":0,"footnotes":""},"yoast_head":"<!-- This site is optimized with the Yoast SEO plugin v22.1 - https:\/\/yoast.com\/wordpress\/plugins\/seo\/ -->\n<title>Pol\u00edtica de Cookies - El Camino Aret\u00e9<\/title>\n<meta name=\"robots\" content=\"index, follow, max-snippet:-1, max-image-preview:large, max-video-preview:-1\" \/>\n<link rel=\"canonical\" href=\"https:\/\/elcaminoarete.com\/es\/politica-de-cookies\/\" \/>\n<meta property=\"og:locale\" content=\"es_ES\" \/>\n<meta property=\"og:type\" content=\"article\" \/>\n<meta property=\"og:title\" content=\"Pol\u00edtica de Cookies - El Camino Aret\u00e9\" \/>\n<meta property=\"og:description\" content=\"Pol\u00edtica de Cookies Los cookies son ficheros de texto de peque\u00f1o tama\u00f1o que se almacenan en el disco\u00a0duro o en la memoria del ordenador que accede o visita las p\u00e1ginas de determinados\u00a0sitios web, de forma que se puedan conocer las preferencias del usuario al volver a\u00a0conectarse. Las cookies almacenadas en el disco duro del usuario...\" \/>\n<meta property=\"og:url\" content=\"https:\/\/elcaminoarete.com\/es\/politica-de-cookies\/\" \/>\n<meta property=\"og:site_name\" content=\"El Camino Aret\u00e9\" \/>\n<meta property=\"article:modified_time\" content=\"2019-04-29T15:12:58+00:00\" \/>\n<meta property=\"og:image\" content=\"https:\/\/www.arete-activa.com\/wp-content\/uploads\/2016\/06\/Cookies-propias.png\" \/>\n<meta name=\"twitter:card\" content=\"summary_large_image\" \/>\n<meta name=\"twitter:label1\" content=\"Tiempo de lectura\" \/>\n\t<meta name=\"twitter:data1\" content=\"7 minutos\" \/>\n<script type=\"application\/ld+json\" class=\"yoast-schema-graph\">{\"@context\":\"https:\/\/schema.org\",\"@graph\":[{\"@type\":\"WebPage\",\"@id\":\"https:\/\/elcaminoarete.com\/es\/politica-de-cookies\/\",\"url\":\"https:\/\/elcaminoarete.com\/es\/politica-de-cookies\/\",\"name\":\"Pol\u00edtica de Cookies - El Camino Aret\u00e9\",\"isPartOf\":{\"@id\":\"https:\/\/elcaminoarete.com\/es\/#website\"},\"datePublished\":\"2019-04-29T15:07:54+00:00\",\"dateModified\":\"2019-04-29T15:12:58+00:00\",\"breadcrumb\":{\"@id\":\"https:\/\/elcaminoarete.com\/es\/politica-de-cookies\/#breadcrumb\"},\"inLanguage\":\"es\",\"potentialAction\":[{\"@type\":\"ReadAction\",\"target\":[\"https:\/\/elcaminoarete.com\/es\/politica-de-cookies\/\"]}]},{\"@type\":\"BreadcrumbList\",\"@id\":\"https:\/\/elcaminoarete.com\/es\/politica-de-cookies\/#breadcrumb\",\"itemListElement\":[{\"@type\":\"ListItem\",\"position\":1,\"name\":\"Portada\",\"item\":\"https:\/\/elcaminoarete.com\/es\/\"},{\"@type\":\"ListItem\",\"position\":2,\"name\":\"Pol\u00edtica de Cookies\"}]},{\"@type\":\"WebSite\",\"@id\":\"https:\/\/elcaminoarete.com\/es\/#website\",\"url\":\"https:\/\/elcaminoarete.com\/es\/\",\"name\":\"El Camino Aret\u00e9\",\"description\":\"Coaching en el Camino de Santiago\",\"potentialAction\":[{\"@type\":\"SearchAction\",\"target\":{\"@type\":\"EntryPoint\",\"urlTemplate\":\"https:\/\/elcaminoarete.com\/es\/?s={search_term_string}\"},\"query-input\":\"required name=search_term_string\"}],\"inLanguage\":\"es\"}]}<\/script>\n<!-- \/ Yoast SEO plugin. -->","yoast_head_json":{"title":"Pol\u00edtica de Cookies - El Camino Aret\u00e9","robots":{"index":"index","follow":"follow","max-snippet":"max-snippet:-1","max-image-preview":"max-image-preview:large","max-video-preview":"max-video-preview:-1"},"canonical":"https:\/\/elcaminoarete.com\/es\/politica-de-cookies\/","og_locale":"es_ES","og_type":"article","og_title":"Pol\u00edtica de Cookies - El Camino Aret\u00e9","og_description":"Pol\u00edtica de Cookies Los cookies son ficheros de texto de peque\u00f1o tama\u00f1o que se almacenan en el disco\u00a0duro o en la memoria del ordenador que accede o visita las p\u00e1ginas de determinados\u00a0sitios web, de forma que se puedan conocer las preferencias del usuario al volver a\u00a0conectarse. Las cookies almacenadas en el disco duro del usuario...","og_url":"https:\/\/elcaminoarete.com\/es\/politica-de-cookies\/","og_site_name":"El Camino Aret\u00e9","article_modified_time":"2019-04-29T15:12:58+00:00","og_image":[{"url":"https:\/\/www.arete-activa.com\/wp-content\/uploads\/2016\/06\/Cookies-propias.png"}],"twitter_card":"summary_large_image","twitter_misc":{"Tiempo de lectura":"7 minutos"},"schema":{"@context":"https:\/\/schema.org","@graph":[{"@type":"WebPage","@id":"https:\/\/elcaminoarete.com\/es\/politica-de-cookies\/","url":"https:\/\/elcaminoarete.com\/es\/politica-de-cookies\/","name":"Pol\u00edtica de Cookies - El Camino Aret\u00e9","isPartOf":{"@id":"https:\/\/elcaminoarete.com\/es\/#website"},"datePublished":"2019-04-29T15:07:54+00:00","dateModified":"2019-04-29T15:12:58+00:00","breadcrumb":{"@id":"https:\/\/elcaminoarete.com\/es\/politica-de-cookies\/#breadcrumb"},"inLanguage":"es","potentialAction":[{"@type":"ReadAction","target":["https:\/\/elcaminoarete.com\/es\/politica-de-cookies\/"]}]},{"@type":"BreadcrumbList","@id":"https:\/\/elcaminoarete.com\/es\/politica-de-cookies\/#breadcrumb","itemListElement":[{"@type":"ListItem","position":1,"name":"Portada","item":"https:\/\/elcaminoarete.com\/es\/"},{"@type":"ListItem","position":2,"name":"Pol\u00edtica de Cookies"}]},{"@type":"WebSite","@id":"https:\/\/elcaminoarete.com\/es\/#website","url":"https:\/\/elcaminoarete.com\/es\/","name":"El Camino Aret\u00e9","description":"Coaching en el Camino de Santiago","potentialAction":[{"@type":"SearchAction","target":{"@type":"EntryPoint","urlTemplate":"https:\/\/elcaminoarete.com\/es\/?s={search_term_string}"},"query-input":"required name=search_term_string"}],"inLanguage":"es"}]}},"_links":{"self":[{"href":"https:\/\/elcaminoarete.com\/es\/wp-json\/wp\/v2\/pages\/1301"}],"collection":[{"href":"https:\/\/elcaminoarete.com\/es\/wp-json\/wp\/v2\/pages"}],"about":[{"href":"https:\/\/elcaminoarete.com\/es\/wp-json\/wp\/v2\/types\/page"}],"author":[{"embeddable":true,"href":"https:\/\/elcaminoarete.com\/es\/wp-json\/wp\/v2\/users\/1"}],"replies":[{"embeddable":true,"href":"https:\/\/elcaminoarete.com\/es\/wp-json\/wp\/v2\/comments?post=1301"}],"version-history":[{"count":5,"href":"https:\/\/elcaminoarete.com\/es\/wp-json\/wp\/v2\/pages\/1301\/revisions"}],"predecessor-version":[{"id":1304,"href":"https:\/\/elcaminoarete.com\/es\/wp-json\/wp\/v2\/pages\/1301\/revisions\/1304"}],"wp:attachment":[{"href":"https:\/\/elcaminoarete.com\/es\/wp-json\/wp\/v2\/media?parent=1301"}],"curies":[{"name":"wp","href":"https:\/\/api.w.org\/{rel}","templated":true}]}}