{"id":1443,"date":"2021-04-19T06:30:17","date_gmt":"2021-04-19T06:30:17","guid":{"rendered":"https:\/\/elcaminoarete.com\/es\/?page_id=1443"},"modified":"2021-08-03T07:42:24","modified_gmt":"2021-08-03T07:42:24","slug":"jornada-en-el-camino","status":"publish","type":"page","link":"https:\/\/elcaminoarete.com\/es\/jornada-en-el-camino\/","title":{"rendered":"Jornada en el Camino"},"content":{"rendered":"<section class=\"l-section wpb_row height_full valign_center with_img with_overlay with_shape\"><div class=\"l-section-img\" style=\"background-image: url(https:\/\/elcaminoarete.com\/es\/wp-content\/uploads\/sites\/3\/2021\/04\/Untitled-design.jpg);\" data-img-width=\"1920\" data-img-height=\"1080\"><\/div><div class=\"l-section-overlay\" style=\"background: rgba(3,3,3,0.60)\"><\/div><div class=\"l-section-shape type_triangle-2-inv pos_bottom\"><svg xmlns=\"http:\/\/www.w3.org\/2000\/svg\" viewBox=\"0 0 64 8\" preserveAspectRatio=\"none\" width=\"100%\" height=\"100%\">\n\t<path fill=\"currentColor\" d=\"M64 9 L0 9 L0 7.9 L48 0 L64 7.9 Z\"\/>\n<\/svg><\/div><div class=\"l-section-h i-cf\"><div class=\"g-cols vc_row type_default valign_top\"><div class=\"vc_col-sm-12 wpb_column vc_column_container\"><div class=\"vc_column-inner\"><div class=\"wpb_wrapper\"><div class=\"wpb_text_column\"><div class=\"wpb_wrapper\"><h2 style=\"text-align: center;\"><span style=\"color: #ffffff;\"><b style=\"color: #ffffff;\">Jornada en el Camino<\/b><b style=\"color: #ffffff;\">\u00a0<\/b><\/span><\/h2>\n<h2 style=\"text-align: center;\"><span style=\"color: #ffffff;\"><strong> en el Camino de Santiago<\/strong><\/span><\/h2>\n<\/div><\/div><div class=\"w-separator size_small\"><\/div><div class=\"w-separator size_small\"><\/div><div class=\"w-btn-wrapper width_auto align_center\"><a class=\"w-btn us-btn-style_1\" href=\"#register\"><span class=\"w-btn-label\">Solicitar informaci\u00f3n<\/span><\/a><\/div><\/div><\/div><\/div><\/div><\/div><\/section><section class=\"l-section wpb_row height_medium\" id=\"conference\"><div class=\"l-section-h i-cf\"><div class=\"g-cols vc_row type_default valign_top\"><div class=\"vc_col-sm-12 wpb_column vc_column_container\"><div class=\"vc_column-inner\"><div class=\"wpb_wrapper\"><div class=\"wpb_text_column\"><div class=\"wpb_wrapper\"><h2 style=\"text-align: center;\"><strong>\u00bfTe animas? Te acompa\u00f1amos.<\/strong><\/h2>\n<\/div><\/div><div class=\"w-separator size_large\"><\/div><div class=\"g-cols wpb_row  type_default valign_top vc_inner\"><div class=\"vc_col-sm-3\/5 wpb_column vc_column_container\"><div class=\"vc_column-inner\"><div class=\"wpb_wrapper\"><div class=\"wpb_text_column\"><div class=\"wpb_wrapper\"><p>La situaci\u00f3n actual de pandemia, est\u00e1 pasando factura a nivel de \u00e1nimo, motivaci\u00f3n y cohesi\u00f3n, afectando a nuestro desempe\u00f1o.<\/p>\n<p>La incorporaci\u00f3n de iniciativas y din\u00e1micas nos pueden ayudar a contrarrestar la reducci\u00f3n del roce y la interacci\u00f3n en caf\u00e9s, pasillos, comidas y otros eventos de los que disfrut\u00e1bamos antes, que debido al trabajo a distancia y al distanciamiento normativo exigido nos estamos perdiendo.<\/p>\n<p>Poder realizar actividades al aire libre, as\u00ed como otras que permitan interactuar y socializar sin un prop\u00f3sito laboral, nos pueden ayudar a reconectar y elevar los niveles de energ\u00eda, cohesi\u00f3n y motivaci\u00f3n.<\/p>\n<\/div><\/div><\/div><\/div><\/div><div class=\"vc_col-sm-2\/5 wpb_column vc_column_container\"><div class=\"vc_column-inner\"><div class=\"wpb_wrapper\"><div class=\"w-slider style_none fit_cover\"><div class=\"w-slider-h\"><div class=\"royalSlider\"><div class=\"rsContent\"><a class=\"rsImg\" data-rsw=\"1024\" data-rsh=\"779\" data-rsBigImg=\"https:\/\/elcaminoarete.com\/es\/wp-content\/uploads\/sites\/3\/2019\/03\/1795408168_da97bb5897_b-1024x779.jpg\" href=\"https:\/\/elcaminoarete.com\/es\/wp-content\/uploads\/sites\/3\/2019\/03\/1795408168_da97bb5897_b-1024x779-1024x779.jpg\"><span data-alt=\"\"><\/span><\/a><img loading=\"lazy\" decoding=\"async\" width=\"150\" height=\"150\" src=\"https:\/\/elcaminoarete.com\/es\/wp-content\/uploads\/sites\/3\/2019\/03\/1795408168_da97bb5897_b-1024x779-150x150.jpg\" class=\"rsTmb\" alt=\"\" srcset=\"https:\/\/elcaminoarete.com\/es\/wp-content\/uploads\/sites\/3\/2019\/03\/1795408168_da97bb5897_b-1024x779-150x150.jpg 150w, https:\/\/elcaminoarete.com\/es\/wp-content\/uploads\/sites\/3\/2019\/03\/1795408168_da97bb5897_b-1024x779-350x350.jpg 350w\" sizes=\"(max-width: 150px) 100vw, 150px\" \/><\/div><div class=\"rsContent\"><a class=\"rsImg\" data-rsw=\"900\" data-rsh=\"505\" data-rsBigImg=\"https:\/\/elcaminoarete.com\/es\/wp-content\/uploads\/sites\/3\/2019\/03\/Zubiri_Navarra_Camino_Frances_Puente_de_la_Rabia.jpg\" href=\"https:\/\/elcaminoarete.com\/es\/wp-content\/uploads\/sites\/3\/2019\/03\/Zubiri_Navarra_Camino_Frances_Puente_de_la_Rabia.jpg\"><span data-alt=\"\"><\/span><\/a><img loading=\"lazy\" decoding=\"async\" width=\"150\" height=\"150\" src=\"https:\/\/elcaminoarete.com\/es\/wp-content\/uploads\/sites\/3\/2019\/03\/Zubiri_Navarra_Camino_Frances_Puente_de_la_Rabia-150x150.jpg\" class=\"rsTmb\" alt=\"\" srcset=\"https:\/\/elcaminoarete.com\/es\/wp-content\/uploads\/sites\/3\/2019\/03\/Zubiri_Navarra_Camino_Frances_Puente_de_la_Rabia-150x150.jpg 150w, https:\/\/elcaminoarete.com\/es\/wp-content\/uploads\/sites\/3\/2019\/03\/Zubiri_Navarra_Camino_Frances_Puente_de_la_Rabia-350x350.jpg 350w\" sizes=\"(max-width: 150px) 100vw, 150px\" \/><\/div><div class=\"rsContent\"><a class=\"rsImg\" data-rsw=\"768\" data-rsh=\"1024\" data-rsBigImg=\"https:\/\/elcaminoarete.com\/es\/wp-content\/uploads\/sites\/3\/2020\/03\/IMG_2967-e1582104815296-768x1024.jpg\" href=\"https:\/\/elcaminoarete.com\/es\/wp-content\/uploads\/sites\/3\/2020\/03\/IMG_2967-e1582104815296-768x1024-768x1024.jpg\"><span data-alt=\"\"><\/span><\/a><img loading=\"lazy\" decoding=\"async\" width=\"150\" height=\"150\" src=\"https:\/\/elcaminoarete.com\/es\/wp-content\/uploads\/sites\/3\/2020\/03\/IMG_2967-e1582104815296-768x1024-150x150.jpg\" class=\"rsTmb\" alt=\"\" srcset=\"https:\/\/elcaminoarete.com\/es\/wp-content\/uploads\/sites\/3\/2020\/03\/IMG_2967-e1582104815296-768x1024-150x150.jpg 150w, https:\/\/elcaminoarete.com\/es\/wp-content\/uploads\/sites\/3\/2020\/03\/IMG_2967-e1582104815296-768x1024-350x350.jpg 350w\" sizes=\"(max-width: 150px) 100vw, 150px\" \/><\/div><div class=\"rsContent\"><a class=\"rsImg\" data-rsw=\"768\" data-rsh=\"1024\" data-rsBigImg=\"https:\/\/elcaminoarete.com\/es\/wp-content\/uploads\/sites\/3\/2020\/03\/IMG_20170728_104158-e1582105073290-768x1024.jpg\" href=\"https:\/\/elcaminoarete.com\/es\/wp-content\/uploads\/sites\/3\/2020\/03\/IMG_20170728_104158-e1582105073290-768x1024-768x1024.jpg\"><span data-alt=\"\"><\/span><\/a><img loading=\"lazy\" decoding=\"async\" width=\"150\" height=\"150\" src=\"https:\/\/elcaminoarete.com\/es\/wp-content\/uploads\/sites\/3\/2020\/03\/IMG_20170728_104158-e1582105073290-768x1024-150x150.jpg\" class=\"rsTmb\" alt=\"\" srcset=\"https:\/\/elcaminoarete.com\/es\/wp-content\/uploads\/sites\/3\/2020\/03\/IMG_20170728_104158-e1582105073290-768x1024-150x150.jpg 150w, https:\/\/elcaminoarete.com\/es\/wp-content\/uploads\/sites\/3\/2020\/03\/IMG_20170728_104158-e1582105073290-768x1024-350x350.jpg 350w\" sizes=\"(max-width: 150px) 100vw, 150px\" \/><\/div><div class=\"rsContent\"><a class=\"rsImg\" data-rsw=\"1024\" data-rsh=\"768\" data-rsBigImg=\"https:\/\/elcaminoarete.com\/es\/wp-content\/uploads\/sites\/3\/2020\/03\/IMG_20170730_101830-e1582105119170-1024x768.jpg\" href=\"https:\/\/elcaminoarete.com\/es\/wp-content\/uploads\/sites\/3\/2020\/03\/IMG_20170730_101830-e1582105119170-1024x768-1024x768.jpg\"><span data-alt=\"\"><\/span><\/a><img loading=\"lazy\" decoding=\"async\" width=\"150\" height=\"150\" src=\"https:\/\/elcaminoarete.com\/es\/wp-content\/uploads\/sites\/3\/2020\/03\/IMG_20170730_101830-e1582105119170-1024x768-150x150.jpg\" class=\"rsTmb\" alt=\"\" srcset=\"https:\/\/elcaminoarete.com\/es\/wp-content\/uploads\/sites\/3\/2020\/03\/IMG_20170730_101830-e1582105119170-1024x768-150x150.jpg 150w, https:\/\/elcaminoarete.com\/es\/wp-content\/uploads\/sites\/3\/2020\/03\/IMG_20170730_101830-e1582105119170-1024x768-350x350.jpg 350w\" sizes=\"(max-width: 150px) 100vw, 150px\" \/><\/div><div class=\"rsContent\"><a class=\"rsImg\" data-rsw=\"1024\" data-rsh=\"768\" data-rsBigImg=\"https:\/\/elcaminoarete.com\/es\/wp-content\/uploads\/sites\/3\/2020\/03\/42379196971_8fe702933a_b-1024x768.jpg\" href=\"https:\/\/elcaminoarete.com\/es\/wp-content\/uploads\/sites\/3\/2020\/03\/42379196971_8fe702933a_b-1024x768-1024x768.jpg\"><span data-alt=\"\"><\/span><\/a><img loading=\"lazy\" decoding=\"async\" width=\"150\" height=\"150\" src=\"https:\/\/elcaminoarete.com\/es\/wp-content\/uploads\/sites\/3\/2020\/03\/42379196971_8fe702933a_b-1024x768-150x150.jpg\" class=\"rsTmb\" alt=\"\" srcset=\"https:\/\/elcaminoarete.com\/es\/wp-content\/uploads\/sites\/3\/2020\/03\/42379196971_8fe702933a_b-1024x768-150x150.jpg 150w, https:\/\/elcaminoarete.com\/es\/wp-content\/uploads\/sites\/3\/2020\/03\/42379196971_8fe702933a_b-1024x768-350x350.jpg 350w\" sizes=\"(max-width: 150px) 100vw, 150px\" \/><\/div><\/div><img decoding=\"async\" src=\"https:\/\/elcaminoarete.com\/es\/wp-content\/uploads\/sites\/3\/2019\/03\/1795408168_da97bb5897_b-1024x779-1024x779.jpg\" alt=\"\"><\/div><div class=\"w-slider-json\" onclick='return {&quot;loop&quot;:true,&quot;fadeInLoadedSlide&quot;:false,&quot;slidesSpacing&quot;:0,&quot;imageScalePadding&quot;:0,&quot;numImagesToPreload&quot;:2,&quot;arrowsNav&quot;:true,&quot;arrowsNavAutoHide&quot;:true,&quot;transitionType&quot;:&quot;move&quot;,&quot;transitionSpeed&quot;:300,&quot;block&quot;:{&quot;moveEffect&quot;:&quot;none&quot;,&quot;speed&quot;:300},&quot;controlNavigation&quot;:&quot;thumbnails&quot;,&quot;autoplay&quot;:{&quot;enabled&quot;:true,&quot;pauseOnHover&quot;:true,&quot;delay&quot;:3000},&quot;fullscreen&quot;:{&quot;enabled&quot;:true},&quot;imageScaleMode&quot;:&quot;fill&quot;,&quot;autoScaleSlider&quot;:true,&quot;autoScaleSliderWidth&quot;:1024,&quot;autoScaleSliderHeight&quot;:779,&quot;fitInViewport&quot;:false}'><\/div><\/div><\/div><\/div><\/div><\/div><div class=\"w-separator size_huge\"><\/div><div class=\"wpb_text_column\"><div class=\"wpb_wrapper\"><h2 class=\"gmail-normal\" style=\"margin: 0in; line-height: 115%; text-align: center;\"><b><span style=\"font-family: 'Arial',sans-serif;\">\u00bfQu\u00e9 tal una jornada al aire libre para reconectar y reforzar lazos y objetivos?<\/span><\/b><\/h2>\n<\/div><\/div><\/div><\/div><\/div><\/div><\/div><\/section><section class=\"l-section wpb_row height_medium color_primary with_overlay with_shape\"><div class=\"l-section-overlay\" style=\"background: rgba(0,0,0,0.2)\"><\/div><div class=\"l-section-shape type_triangle pos_top\" style=\"height:5vh;\"><svg xmlns=\"http:\/\/www.w3.org\/2000\/svg\" viewBox=\"0 0 64 8\" preserveAspectRatio=\"none\" width=\"100%\" height=\"100%\">\n\t<path fill=\"currentColor\" d=\"M64 8 L0 8 L0 0 L32 7.9 L64 0 Z\"\/>\n<\/svg><\/div><div class=\"l-section-shape type_triangle-2 pos_bottom\" style=\"height:5vh;\"><svg xmlns=\"http:\/\/www.w3.org\/2000\/svg\" viewBox=\"0 0 64 8\" preserveAspectRatio=\"none\" width=\"100%\" height=\"100%\">\n\t<path fill=\"currentColor\" d=\"M64 8 L0 8 L0 0 L48 7.9 L64 0 Z\"\/>\n<\/svg><\/div><div class=\"l-section-h i-cf\"><div class=\"g-cols vc_row type_default valign_top\"><div class=\"vc_col-sm-12 wpb_column vc_column_container\"><div class=\"vc_column-inner\"><div class=\"wpb_wrapper\"><div class=\"w-separator size_medium\"><\/div><div class=\"g-cols wpb_row  type_default valign_top vc_inner\"><div class=\"vc_col-sm-6 wpb_column vc_column_container\"><div class=\"vc_column-inner\"><div class=\"wpb_wrapper\"><div class=\"w-iconbox iconpos_top style_default color_secondary align_center no_text\"><div class=\"w-iconbox-icon\" style=\"font-size:50px;\"><i class=\"fas fa-arrow-circle-up\"><\/i><\/div><div class=\"w-iconbox-meta\"><h4 class=\"w-iconbox-title\">Prop\u00f3sito<\/h4><\/div><\/div><\/div><\/div><\/div><div class=\"vc_col-sm-6 wpb_column vc_column_container\"><div class=\"vc_column-inner\"><div class=\"wpb_wrapper\"><div class=\"wpb_text_column\"><div class=\"wpb_wrapper\"><ul>\n<li>Favorecer la distensi\u00f3n, la apertura, relajarnos.<\/li>\n<li>Romper rutinas y divertirnos.<\/li>\n<li>Reencontrarnos tras el distanciamiento.<\/li>\n<\/ul>\n<\/div><\/div><\/div><\/div><\/div><\/div><div class=\"w-separator size_medium\"><\/div><div class=\"g-cols wpb_row  type_default valign_top vc_inner\"><div class=\"vc_col-sm-6 wpb_column vc_column_container\"><div class=\"vc_column-inner\"><div class=\"wpb_wrapper\"><div class=\"w-separator size_small\"><\/div><div class=\"w-iconbox iconpos_top style_default color_secondary align_center no_text\"><div class=\"w-iconbox-icon\" style=\"font-size:50px;\"><i class=\"fas fa-heart\"><\/i><\/div><div class=\"w-iconbox-meta\"><h4 class=\"w-iconbox-title\">Beneficios<\/h4><\/div><\/div><\/div><\/div><\/div><div class=\"vc_col-sm-6 wpb_column vc_column_container\"><div class=\"vc_column-inner\"><div class=\"wpb_wrapper\"><div class=\"wpb_text_column\"><div class=\"wpb_wrapper\"><ul>\n<li>Salud f\u00edsica y psicol\u00f3gica a trav\u00e9s del movimiento y contacto con la naturaleza se reducen los niveles de estr\u00e9s.<\/li>\n<li>Ruptura de barreras y superaci\u00f3n de limitaciones a trav\u00e9s de din\u00e1micas sencillas.<\/li>\n<li>Generaci\u00f3n de v\u00ednculo, motivaci\u00f3n, creatividad en un contexto distinto al habitual.<\/li>\n<\/ul>\n<\/div><\/div><\/div><\/div><\/div><\/div><div class=\"w-separator size_medium\"><\/div><div class=\"g-cols wpb_row  type_default valign_top vc_inner\"><div class=\"vc_col-sm-6 wpb_column vc_column_container\"><div class=\"vc_column-inner\"><div class=\"wpb_wrapper\"><div class=\"w-separator size_small\"><\/div><div class=\"w-iconbox iconpos_top style_default color_secondary align_center no_text\"><div class=\"w-iconbox-icon\" style=\"font-size:50px;\"><i class=\"fas fa-list\"><\/i><\/div><div class=\"w-iconbox-meta\"><h4 class=\"w-iconbox-title\">Requisitos<\/h4><\/div><\/div><\/div><\/div><\/div><div class=\"vc_col-sm-6 wpb_column vc_column_container\"><div class=\"vc_column-inner\"><div class=\"wpb_wrapper\"><div class=\"wpb_text_column\"><div class=\"wpb_wrapper\"><ul>\n<li>Equipos\/Grupos de hasta 15 personas. *Ver medidas Covid de cada territorio y capacidad f\u00edsica\/funcional de las personas participantes.<\/li>\n<li>Planificarla: identificar d\u00edas y rutas posibles a poder ser en el entorno pr\u00f3ximo y teniendo en cuenta la funcionalidad de las personas participantes, recursos\/medios necesarios para realizar la salida.<\/li>\n<li>Duraci\u00f3n: una jornada completa de trabajo.<\/li>\n<\/ul>\n<\/div><\/div><\/div><\/div><\/div><\/div><\/div><\/div><\/div><\/div><\/div><\/section><!-- Row Backgrounds --><div class=\"upb_color\" data-bg-override=\"0\" data-bg-color=\"#f9a02c\" data-fadeout=\"\" data-fadeout-percentage=\"30\" data-parallax-content=\"\" data-parallax-content-sense=\"30\" data-row-effect-mobile-disable=\"true\" data-img-parallax-mobile-disable=\"true\" data-rtl=\"false\"  data-custom-vc-row=\"\"  data-vc=\"6.1\"  data-is_old_vc=\"\"  data-theme-support=\"\"   data-overlay=\"false\" data-overlay-color=\"\" data-overlay-pattern=\"\" data-overlay-pattern-opacity=\"\" data-overlay-pattern-size=\"\"    ><\/div><section class=\"l-section wpb_row height_full valign_center\" id=\"register\"><div class=\"l-section-h i-cf\"><div class=\"g-cols vc_row type_default valign_top\"><div class=\"vc_col-sm-3 wpb_column vc_column_container\"><div class=\"vc_column-inner\"><div class=\"wpb_wrapper\"><\/div><\/div><\/div><div class=\"vc_col-sm-6 wpb_column vc_column_container\"><div class=\"vc_column-inner\"><div class=\"wpb_wrapper\"><div class=\"wpb_text_column\"><div class=\"wpb_wrapper\"><p>\u00bfQuieres m\u00e1s informaci\u00f3n?<\/p>\n<\/div><\/div><div class=\"w-separator size_large\"><\/div><div class=\"w-form for_cform  layout_ver us_form_1\">\n\t<form class=\"w-form-h\" autocomplete=\"off\" action=\"https:\/\/elcaminoarete.com\/es\/es\/wp-json\/wp\/v2\/pages\/1443\" method=\"post\">\n\t\t\t\t<div class=\"w-form-row for_text required\">\n\t\t<div class=\"w-form-row-field\">\n\t\t\t\t<input type=\"text\" name=\"us_form_1_text_1\" aria-label=\"Nombre\" value=\"\" placeholder=\"Nombre *\" data-required=\"true\" aria-required=\"true\"\/>\n\t\t\t<\/div>\n\t\t<div class=\"w-form-row-state\">Rellena este campo<\/div>\n<\/div>\n\t\t<div class=\"w-form-row for_email required\">\n\t\t<div class=\"w-form-row-field\">\n\t\t\t\t<input type=\"email\" name=\"us_form_1_email_1\" aria-label=\"Email\" value=\"\" placeholder=\"Email *\" data-required=\"true\" aria-required=\"true\"\/>\n\t\t\t<\/div>\n\t\t<div class=\"w-form-row-state\">Por favor, introduce una direcci\u00f3n de correo electr\u00f3nico v\u00e1lida.<\/div>\n<\/div>\n\t\t<div class=\"w-form-row for_text required\">\n\t\t<div class=\"w-form-row-field\">\n\t\t\t\t<input type=\"text\" name=\"us_form_1_text_2\" aria-label=\"N\u00famero de tel\u00e9fono\" value=\"\" placeholder=\"N\u00famero de tel\u00e9fono *\" data-required=\"true\" aria-required=\"true\"\/>\n\t\t\t<\/div>\n\t\t<div class=\"w-form-row-state\">Rellena este campo<\/div>\n<\/div>\n\t\t<div class=\"w-form-row for_text\">\n\t\t<div class=\"w-form-row-field\">\n\t\t\t\t<input type=\"text\" name=\"us_form_1_text_3\" aria-label=\"Empresa\" value=\"\" placeholder=\"Empresa\"\/>\n\t\t\t<\/div>\n\t\t<div class=\"w-form-row-state\">Rellena este campo<\/div>\n<\/div>\n\t\t<input type=\"hidden\" name=\"action\" value=\"us_ajax_cform\" \/>\n\t\t<input type=\"hidden\" name=\"post_id\" value=\"1443\" \/>\n\t\t<input type=\"hidden\" name=\"form_index\" value=\"1\" \/>\n\t\t<div class=\"w-form-row for_submit align_center\">\n\t<div class=\"w-form-row-field\">\n\t\t\t\t<button class=\"w-btn  us-btn-style_1\" type=\"submit\" aria-label=\"Enviar\">\n\t\t\t<span class=\"g-preloader type_1\"><\/span>\n\t\t\t\t\t\t<span class=\"w-btn-label\">Enviar<\/span>\n\t\t\t\t\t<\/button>\n\t<\/div>\n<\/div>\n\t\t\t\t\t<\/form>\n\t<div class=\"w-form-message\"><\/div>\n\t<div class=\"w-form-json hidden\" onclick='return {&quot;ajaxurl&quot;:&quot;https:\\\/\\\/elcaminoarete.com\\\/es\\\/wp-admin\\\/admin-ajax.php&quot;}'><\/div>\n<\/div><\/div><\/div><\/div><div class=\"vc_col-sm-3 wpb_column vc_column_container\"><div class=\"vc_column-inner\"><div class=\"wpb_wrapper\"><\/div><\/div><\/div><\/div><\/div><\/section>\n","protected":false},"excerpt":{"rendered":"Jornada en el Camino\u00a0 en el Camino de Santiago Solicitar informaci\u00f3n\u00bfTe animas? Te acompa\u00f1amos. La situaci\u00f3n actual de pandemia, est\u00e1 pasando factura a nivel de \u00e1nimo, motivaci\u00f3n y cohesi\u00f3n, afectando a nuestro desempe\u00f1o. La incorporaci\u00f3n de iniciativas y din\u00e1micas nos pueden ayudar a contrarrestar la reducci\u00f3n del roce y la interacci\u00f3n en caf\u00e9s, pasillos, comidas...","protected":false},"author":3,"featured_media":0,"parent":0,"menu_order":0,"comment_status":"closed","ping_status":"closed","template":"","meta":{"_exactmetrics_skip_tracking":false,"_exactmetrics_sitenote_active":false,"_exactmetrics_sitenote_note":"","_exactmetrics_sitenote_category":0,"footnotes":""},"yoast_head":"<!-- This site is optimized with the Yoast SEO plugin v22.1 - https:\/\/yoast.com\/wordpress\/plugins\/seo\/ -->\n<title>Jornada en el Camino - El Camino Aret\u00e9<\/title>\n<meta name=\"robots\" content=\"index, follow, max-snippet:-1, max-image-preview:large, max-video-preview:-1\" \/>\n<link rel=\"canonical\" href=\"https:\/\/elcaminoarete.com\/es\/jornada-en-el-camino\/\" \/>\n<meta property=\"og:locale\" content=\"es_ES\" \/>\n<meta property=\"og:type\" content=\"article\" \/>\n<meta property=\"og:title\" content=\"Jornada en el Camino - El Camino Aret\u00e9\" \/>\n<meta property=\"og:url\" content=\"https:\/\/elcaminoarete.com\/es\/jornada-en-el-camino\/\" \/>\n<meta property=\"og:site_name\" content=\"El Camino Aret\u00e9\" \/>\n<meta property=\"article:modified_time\" content=\"2021-08-03T07:42:24+00:00\" \/>\n<meta property=\"og:image\" content=\"https:\/\/elcaminoarete.com\/es\/wp-content\/uploads\/sites\/3\/2019\/05\/Untitled-design.png\" \/>\n\t<meta property=\"og:image:width\" content=\"200\" \/>\n\t<meta property=\"og:image:height\" content=\"200\" \/>\n\t<meta property=\"og:image:type\" content=\"image\/png\" \/>\n<meta name=\"twitter:card\" content=\"summary_large_image\" \/>\n<meta name=\"twitter:label1\" content=\"Tiempo de lectura\" \/>\n\t<meta name=\"twitter:data1\" content=\"4 minutos\" \/>\n<script type=\"application\/ld+json\" class=\"yoast-schema-graph\">{\"@context\":\"https:\/\/schema.org\",\"@graph\":[{\"@type\":\"WebPage\",\"@id\":\"https:\/\/elcaminoarete.com\/es\/jornada-en-el-camino\/\",\"url\":\"https:\/\/elcaminoarete.com\/es\/jornada-en-el-camino\/\",\"name\":\"Jornada en el Camino - El Camino Aret\u00e9\",\"isPartOf\":{\"@id\":\"https:\/\/elcaminoarete.com\/es\/#website\"},\"datePublished\":\"2021-04-19T06:30:17+00:00\",\"dateModified\":\"2021-08-03T07:42:24+00:00\",\"breadcrumb\":{\"@id\":\"https:\/\/elcaminoarete.com\/es\/jornada-en-el-camino\/#breadcrumb\"},\"inLanguage\":\"es\",\"potentialAction\":[{\"@type\":\"ReadAction\",\"target\":[\"https:\/\/elcaminoarete.com\/es\/jornada-en-el-camino\/\"]}]},{\"@type\":\"BreadcrumbList\",\"@id\":\"https:\/\/elcaminoarete.com\/es\/jornada-en-el-camino\/#breadcrumb\",\"itemListElement\":[{\"@type\":\"ListItem\",\"position\":1,\"name\":\"Portada\",\"item\":\"https:\/\/elcaminoarete.com\/es\/\"},{\"@type\":\"ListItem\",\"position\":2,\"name\":\"Jornada en el Camino\"}]},{\"@type\":\"WebSite\",\"@id\":\"https:\/\/elcaminoarete.com\/es\/#website\",\"url\":\"https:\/\/elcaminoarete.com\/es\/\",\"name\":\"El Camino Aret\u00e9\",\"description\":\"Coaching en el Camino de Santiago\",\"potentialAction\":[{\"@type\":\"SearchAction\",\"target\":{\"@type\":\"EntryPoint\",\"urlTemplate\":\"https:\/\/elcaminoarete.com\/es\/?s={search_term_string}\"},\"query-input\":\"required name=search_term_string\"}],\"inLanguage\":\"es\"}]}<\/script>\n<!-- \/ Yoast SEO plugin. -->","yoast_head_json":{"title":"Jornada en el Camino - El Camino Aret\u00e9","robots":{"index":"index","follow":"follow","max-snippet":"max-snippet:-1","max-image-preview":"max-image-preview:large","max-video-preview":"max-video-preview:-1"},"canonical":"https:\/\/elcaminoarete.com\/es\/jornada-en-el-camino\/","og_locale":"es_ES","og_type":"article","og_title":"Jornada en el Camino - El Camino Aret\u00e9","og_url":"https:\/\/elcaminoarete.com\/es\/jornada-en-el-camino\/","og_site_name":"El Camino Aret\u00e9","article_modified_time":"2021-08-03T07:42:24+00:00","og_image":[{"width":200,"height":200,"url":"https:\/\/elcaminoarete.com\/es\/wp-content\/uploads\/sites\/3\/2019\/05\/Untitled-design.png","type":"image\/png"}],"twitter_card":"summary_large_image","twitter_misc":{"Tiempo de lectura":"4 minutos"},"schema":{"@context":"https:\/\/schema.org","@graph":[{"@type":"WebPage","@id":"https:\/\/elcaminoarete.com\/es\/jornada-en-el-camino\/","url":"https:\/\/elcaminoarete.com\/es\/jornada-en-el-camino\/","name":"Jornada en el Camino - El Camino Aret\u00e9","isPartOf":{"@id":"https:\/\/elcaminoarete.com\/es\/#website"},"datePublished":"2021-04-19T06:30:17+00:00","dateModified":"2021-08-03T07:42:24+00:00","breadcrumb":{"@id":"https:\/\/elcaminoarete.com\/es\/jornada-en-el-camino\/#breadcrumb"},"inLanguage":"es","potentialAction":[{"@type":"ReadAction","target":["https:\/\/elcaminoarete.com\/es\/jornada-en-el-camino\/"]}]},{"@type":"BreadcrumbList","@id":"https:\/\/elcaminoarete.com\/es\/jornada-en-el-camino\/#breadcrumb","itemListElement":[{"@type":"ListItem","position":1,"name":"Portada","item":"https:\/\/elcaminoarete.com\/es\/"},{"@type":"ListItem","position":2,"name":"Jornada en el Camino"}]},{"@type":"WebSite","@id":"https:\/\/elcaminoarete.com\/es\/#website","url":"https:\/\/elcaminoarete.com\/es\/","name":"El Camino Aret\u00e9","description":"Coaching en el Camino de Santiago","potentialAction":[{"@type":"SearchAction","target":{"@type":"EntryPoint","urlTemplate":"https:\/\/elcaminoarete.com\/es\/?s={search_term_string}"},"query-input":"required name=search_term_string"}],"inLanguage":"es"}]}},"_links":{"self":[{"href":"https:\/\/elcaminoarete.com\/es\/wp-json\/wp\/v2\/pages\/1443"}],"collection":[{"href":"https:\/\/elcaminoarete.com\/es\/wp-json\/wp\/v2\/pages"}],"about":[{"href":"https:\/\/elcaminoarete.com\/es\/wp-json\/wp\/v2\/types\/page"}],"author":[{"embeddable":true,"href":"https:\/\/elcaminoarete.com\/es\/wp-json\/wp\/v2\/users\/3"}],"replies":[{"embeddable":true,"href":"https:\/\/elcaminoarete.com\/es\/wp-json\/wp\/v2\/comments?post=1443"}],"version-history":[{"count":19,"href":"https:\/\/elcaminoarete.com\/es\/wp-json\/wp\/v2\/pages\/1443\/revisions"}],"predecessor-version":[{"id":1543,"href":"https:\/\/elcaminoarete.com\/es\/wp-json\/wp\/v2\/pages\/1443\/revisions\/1543"}],"wp:attachment":[{"href":"https:\/\/elcaminoarete.com\/es\/wp-json\/wp\/v2\/media?parent=1443"}],"curies":[{"name":"wp","href":"https:\/\/api.w.org\/{rel}","templated":true}]}}