{"id":1686,"date":"2022-01-24T09:03:40","date_gmt":"2022-01-24T09:03:40","guid":{"rendered":"https:\/\/elcaminoarete.com\/es\/?page_id=1686"},"modified":"2022-01-24T09:13:01","modified_gmt":"2022-01-24T09:13:01","slug":"formulario-camino-de-santiago","status":"publish","type":"page","link":"https:\/\/elcaminoarete.com\/es\/formulario-camino-de-santiago\/","title":{"rendered":"Formulario Camino de Santiago"},"content":{"rendered":"<section class=\"l-section wpb_row height_medium color_primary with_img with_overlay with_shape\"><div class=\"l-section-img\" style=\"background-image: url(https:\/\/elcaminoarete.com\/es\/wp-content\/uploads\/sites\/3\/2019\/02\/hiking-1024x682.jpg);\" data-img-width=\"1024\" data-img-height=\"682\"><\/div><div class=\"l-section-overlay\" style=\"background: rgba(0,0,0,0.65)\"><\/div><div class=\"l-section-shape type_zigzag pos_bottom\"><svg xmlns=\"http:\/\/www.w3.org\/2000\/svg\" viewBox=\"0 0 64 8\" preserveAspectRatio=\"none\" width=\"100%\" height=\"100%\">\n\t<path fill=\"currentColor\" d=\"M64 8 L0 8 L0 0 L20 7.9 L40 3 L48 5 L64 0 Z\"\/>\n<\/svg><\/div><div class=\"l-section-h i-cf\"><div class=\"g-cols vc_row type_default valign_top\"><div class=\"vc_col-sm-12 wpb_column vc_column_container\"><div class=\"vc_column-inner\"><div class=\"wpb_wrapper\"><div class=\"w-hwrapper align_center valign_top\"><h1 class=\"w-text\"><span class=\"w-text-h\"><span class=\"w-text-value\">&#8211; TE AYUDAMOS A PLANIFICAR TU CAMINO-<\/span><\/span><\/h1><\/div><div class=\"w-separator size_small\"><\/div><div class=\"w-separator size_custom\" style=\"height:12vh;\"><\/div><\/div><\/div><\/div><\/div><\/div><\/section><section class=\"l-section wpb_row height_medium\"><div class=\"l-section-h i-cf\"><div class=\"g-cols vc_row type_default valign_top\"><div class=\"vc_col-sm-12 wpb_column vc_column_container\"><div class=\"vc_column-inner\"><div class=\"wpb_wrapper\"><script type=\"text\/javascript\">var gform;gform||(document.addEventListener(\"gform_main_scripts_loaded\",function(){gform.scriptsLoaded=!0}),window.addEventListener(\"DOMContentLoaded\",function(){gform.domLoaded=!0}),gform={domLoaded:!1,scriptsLoaded:!1,initializeOnLoaded:function(o){gform.domLoaded&&gform.scriptsLoaded?o():!gform.domLoaded&&gform.scriptsLoaded?window.addEventListener(\"DOMContentLoaded\",o):document.addEventListener(\"gform_main_scripts_loaded\",o)},hooks:{action:{},filter:{}},addAction:function(o,n,r,t){gform.addHook(\"action\",o,n,r,t)},addFilter:function(o,n,r,t){gform.addHook(\"filter\",o,n,r,t)},doAction:function(o){gform.doHook(\"action\",o,arguments)},applyFilters:function(o){return gform.doHook(\"filter\",o,arguments)},removeAction:function(o,n){gform.removeHook(\"action\",o,n)},removeFilter:function(o,n,r){gform.removeHook(\"filter\",o,n,r)},addHook:function(o,n,r,t,i){null==gform.hooks[o][n]&&(gform.hooks[o][n]=[]);var e=gform.hooks[o][n];null==i&&(i=n+\"_\"+e.length),gform.hooks[o][n].push({tag:i,callable:r,priority:t=null==t?10:t})},doHook:function(n,o,r){var t;if(r=Array.prototype.slice.call(r,1),null!=gform.hooks[n][o]&&((o=gform.hooks[n][o]).sort(function(o,n){return o.priority-n.priority}),o.forEach(function(o){\"function\"!=typeof(t=o.callable)&&(t=window[t]),\"action\"==n?t.apply(null,r):r[0]=t.apply(null,r)})),\"filter\"==n)return r[0]},removeHook:function(o,n,t,i){var r;null!=gform.hooks[o][n]&&(r=(r=gform.hooks[o][n]).filter(function(o,n,r){return!!(null!=i&&i!=o.tag||null!=t&&t!=o.priority)}),gform.hooks[o][n]=r)}});<\/script>\n                <div class='gf_browser_gecko gform_wrapper gravity-theme' id='gform_wrapper_1' style='display:none'><form method='post' enctype='multipart\/form-data'  id='gform_1'  action='\/es\/wp-json\/wp\/v2\/pages\/1686' novalidate>\n                        <div class='gform_body gform-body'><div id='gform_fields_1' class='gform_fields top_label form_sublabel_below description_below'><fieldset id=\"field_1_3\" class=\"gfield gfield_contains_required field_sublabel_below field_description_below gfield_visibility_visible\" ><legend class='gfield_label gfield_label_before_complex'  >Indica por favor el tipo de jornada en la que est\u00e1 interesado\/a:<span class=\"gfield_required\"><span class=\"gfield_required gfield_required_text\">(Obligatorio)<\/span><\/span><\/legend><div class='ginput_container ginput_container_checkbox'><div class='gfield_checkbox' id='input_1_3'><div class='gchoice gchoice_1_3_1'>\n\t\t\t\t\t\t\t\t<input class='gfield-choice-input' name='input_3.1' type='checkbox'  value='Media jornada'  id='choice_1_3_1'   \/>\n\t\t\t\t\t\t\t\t<label for='choice_1_3_1' id='label_1_3_1'>Media jornada<\/label>\n\t\t\t\t\t\t\t<\/div><div class='gchoice gchoice_1_3_2'>\n\t\t\t\t\t\t\t\t<input class='gfield-choice-input' name='input_3.2' type='checkbox'  value='Jornada completa'  id='choice_1_3_2'   \/>\n\t\t\t\t\t\t\t\t<label for='choice_1_3_2' id='label_1_3_2'>Jornada completa<\/label>\n\t\t\t\t\t\t\t<\/div><div class='gchoice gchoice_1_3_3'>\n\t\t\t\t\t\t\t\t<input class='gfield-choice-input' name='input_3.3' type='checkbox'  value='M\u00e1s de una jornada'  id='choice_1_3_3'   \/>\n\t\t\t\t\t\t\t\t<label for='choice_1_3_3' id='label_1_3_3'>M\u00e1s de una jornada<\/label>\n\t\t\t\t\t\t\t<\/div><div class='gchoice gchoice_1_3_4'>\n\t\t\t\t\t\t\t\t<input class='gfield-choice-input' name='input_3.4' type='checkbox'  value='Otra opci\u00f3n:'  id='choice_1_3_4'   \/>\n\t\t\t\t\t\t\t\t<label for='choice_1_3_4' id='label_1_3_4'>Otra opci\u00f3n:<\/label>\n\t\t\t\t\t\t\t<\/div><\/div><\/div><\/fieldset><div id=\"field_1_5\" class=\"gfield gfield--width-full field_sublabel_below field_description_below gfield_visibility_visible\" ><label class='gfield_label' for='input_1_5' >Otra opci\u00f3n:<\/label><div class='ginput_container ginput_container_text'><input name='input_5' id='input_1_5' type='text' value='' class='large'      aria-invalid=\"false\"   \/> <\/div><\/div><fieldset id=\"field_1_4\" class=\"gfield gfield_contains_required field_sublabel_below field_description_below gfield_visibility_visible\" ><legend class='gfield_label gfield_label_before_complex'  >Seleccionada por favor los aspectos que te gustar\u00eda trabajar en el camino:<span class=\"gfield_required\"><span class=\"gfield_required gfield_required_text\">(Obligatorio)<\/span><\/span><\/legend><div class='ginput_container ginput_container_checkbox'><div class='gfield_checkbox' id='input_1_4'><div class='gchoice gchoice_1_4_1'>\n\t\t\t\t\t\t\t\t<input class='gfield-choice-input' name='input_4.1' type='checkbox'  value='Identificaci\u00f3n con la empresa (misi\u00f3n, visi\u00f3n, valores)'  id='choice_1_4_1'   \/>\n\t\t\t\t\t\t\t\t<label for='choice_1_4_1' id='label_1_4_1'>Identificaci\u00f3n con la empresa (misi\u00f3n, visi\u00f3n, valores)<\/label>\n\t\t\t\t\t\t\t<\/div><div class='gchoice gchoice_1_4_2'>\n\t\t\t\t\t\t\t\t<input class='gfield-choice-input' name='input_4.2' type='checkbox'  value='Comunicaci\u00f3n'  id='choice_1_4_2'   \/>\n\t\t\t\t\t\t\t\t<label for='choice_1_4_2' id='label_1_4_2'>Comunicaci\u00f3n<\/label>\n\t\t\t\t\t\t\t<\/div><div class='gchoice gchoice_1_4_3'>\n\t\t\t\t\t\t\t\t<input class='gfield-choice-input' name='input_4.3' type='checkbox'  value='Cohesi\u00f3n de equipo'  id='choice_1_4_3'   \/>\n\t\t\t\t\t\t\t\t<label for='choice_1_4_3' id='label_1_4_3'>Cohesi\u00f3n de equipo<\/label>\n\t\t\t\t\t\t\t<\/div><div class='gchoice gchoice_1_4_4'>\n\t\t\t\t\t\t\t\t<input class='gfield-choice-input' name='input_4.4' type='checkbox'  value='Liderazgo'  id='choice_1_4_4'   \/>\n\t\t\t\t\t\t\t\t<label for='choice_1_4_4' id='label_1_4_4'>Liderazgo<\/label>\n\t\t\t\t\t\t\t<\/div><div class='gchoice gchoice_1_4_5'>\n\t\t\t\t\t\t\t\t<input class='gfield-choice-input' name='input_4.5' type='checkbox'  value='Trabajo en equipo'  id='choice_1_4_5'   \/>\n\t\t\t\t\t\t\t\t<label for='choice_1_4_5' id='label_1_4_5'>Trabajo en equipo<\/label>\n\t\t\t\t\t\t\t<\/div><div class='gchoice gchoice_1_4_6'>\n\t\t\t\t\t\t\t\t<input class='gfield-choice-input' name='input_4.6' type='checkbox'  value='Gesti\u00f3n de conflictos'  id='choice_1_4_6'   \/>\n\t\t\t\t\t\t\t\t<label for='choice_1_4_6' id='label_1_4_6'>Gesti\u00f3n de conflictos<\/label>\n\t\t\t\t\t\t\t<\/div><div class='gchoice gchoice_1_4_7'>\n\t\t\t\t\t\t\t\t<input class='gfield-choice-input' name='input_4.7' type='checkbox'  value='Otra opci\u00f3n:'  id='choice_1_4_7'   \/>\n\t\t\t\t\t\t\t\t<label for='choice_1_4_7' id='label_1_4_7'>Otra opci\u00f3n:<\/label>\n\t\t\t\t\t\t\t<\/div><\/div><\/div><\/fieldset><div id=\"field_1_6\" class=\"gfield gfield--width-full field_sublabel_below field_description_below gfield_visibility_visible\" ><label class='gfield_label' for='input_1_6' >Otra opci\u00f3n:<\/label><div class='ginput_container ginput_container_text'><input name='input_6' id='input_1_6' type='text' value='' class='large'      aria-invalid=\"false\"   \/> <\/div><\/div><fieldset id=\"field_1_7\" class=\"gfield gfield--width-full gfield_contains_required field_sublabel_below field_description_below gfield_visibility_visible\" ><legend class='gfield_label'  >\u00bfLe gustar\u00eda financiar esta acci\u00f3n formativa a trav\u00e9s de las bonificaciones de formaci\u00f3n de la Tripartita?<span class=\"gfield_required\"><span class=\"gfield_required gfield_required_text\">(Obligatorio)<\/span><\/span><\/legend><div class='ginput_container ginput_container_radio'><div class='gfield_radio' id='input_1_7'>\n\t\t\t<div class='gchoice gchoice_1_7_0'>\n\t\t\t\t\t<input class='gfield-choice-input' name='input_7' type='radio' value='S\u00ed'  id='choice_1_7_0' onchange='gformToggleRadioOther( this )'    \/>\n\t\t\t\t\t<label for='choice_1_7_0' id='label_1_7_0'>S\u00ed<\/label>\n\t\t\t<\/div>\n\t\t\t<div class='gchoice gchoice_1_7_1'>\n\t\t\t\t\t<input class='gfield-choice-input' name='input_7' type='radio' value='No'  id='choice_1_7_1' onchange='gformToggleRadioOther( this )'    \/>\n\t\t\t\t\t<label for='choice_1_7_1' id='label_1_7_1'>No<\/label>\n\t\t\t<\/div><\/div><\/div><\/fieldset><fieldset id=\"field_1_8\" class=\"gfield gfield--width-full gfield_contains_required field_sublabel_below field_description_below gfield_visibility_visible\" ><legend class='gfield_label gfield_label_before_complex'  >Persona de referencia (nombre y apellido):<span class=\"gfield_required\"><span class=\"gfield_required gfield_required_text\">(Obligatorio)<\/span><\/span><\/legend><div class='ginput_complex ginput_container no_prefix has_first_name no_middle_name has_last_name no_suffix gf_name_has_2 ginput_container_name' id='input_1_8'>\n                            \n                            <span id='input_1_8_3_container' class='name_first' >\n                                                    <input type='text' name='input_8.3' id='input_1_8_3' value=''   aria-required='true'     \/>\n                                                    <label for='input_1_8_3' >Nombre<\/label>\n                                                <\/span>\n                            \n                            <span id='input_1_8_6_container' class='name_last' >\n                                                    <input type='text' name='input_8.6' id='input_1_8_6' value=''   aria-required='true'     \/>\n                                                    <label for='input_1_8_6' >Apellido<\/label>\n                                                <\/span>\n                            \n                        <\/div><\/fieldset><div id=\"field_1_9\" class=\"gfield gfield--width-half gfield_contains_required field_sublabel_below field_description_below gfield_visibility_visible\" ><label class='gfield_label' for='input_1_9' >Nombre de la empresa\/organizaci\u00f3n:<span class=\"gfield_required\"><span class=\"gfield_required gfield_required_text\">(Obligatorio)<\/span><\/span><\/label><div class='ginput_container ginput_container_text'><input name='input_9' id='input_1_9' type='text' value='' class='large'     aria-required=\"true\" aria-invalid=\"false\"   \/> <\/div><\/div><div id=\"field_1_14\" class=\"gfield gfield--width-half gfield_contains_required field_sublabel_below field_description_below gfield_visibility_visible\" ><label class='gfield_label' for='input_1_14' >Cargo<span class=\"gfield_required\"><span class=\"gfield_required gfield_required_text\">(Obligatorio)<\/span><\/span><\/label><div class='ginput_container ginput_container_text'><input name='input_14' id='input_1_14' type='text' value='' class='large'     aria-required=\"true\" aria-invalid=\"false\"   \/> <\/div><\/div><div id=\"field_1_10\" class=\"gfield gfield--width-half gfield_contains_required field_sublabel_below field_description_below gfield_visibility_visible\" ><label class='gfield_label' for='input_1_10' >Correo electr\u00f3nico:<span class=\"gfield_required\"><span class=\"gfield_required gfield_required_text\">(Obligatorio)<\/span><\/span><\/label><div class='ginput_container ginput_container_email'>\n                            <input name='input_10' id='input_1_10' type='email' value='' class='large'    aria-required=\"true\" aria-invalid=\"false\"  \/>\n                        <\/div><\/div><div id=\"field_1_11\" class=\"gfield gfield--width-half gfield_contains_required field_sublabel_below field_description_below gfield_visibility_visible\" ><label class='gfield_label' for='input_1_11' >Tel\u00e9fono:<span class=\"gfield_required\"><span class=\"gfield_required gfield_required_text\">(Obligatorio)<\/span><\/span><\/label><div class='ginput_container ginput_container_phone'><input name='input_11' id='input_1_11' type='tel' value='' class='large'   aria-required=\"true\" aria-invalid=\"false\"   \/><\/div><\/div><div id=\"field_1_12\" class=\"gfield gfield--width-full gfield_contains_required field_sublabel_below field_description_below gfield_visibility_visible\" ><label class='gfield_label' for='input_1_12' >Zona geogr\u00e1fica (localidad, provincia):<span class=\"gfield_required\"><span class=\"gfield_required gfield_required_text\">(Obligatorio)<\/span><\/span><\/label><div class='ginput_container ginput_container_text'><input name='input_12' id='input_1_12' type='text' value='' class='large'     aria-required=\"true\" aria-invalid=\"false\"   \/> <\/div><\/div><fieldset id=\"field_1_13\" class=\"gfield gfield--width-full gfield_contains_required field_sublabel_below field_description_below gfield_visibility_visible\" ><legend class='gfield_label gfield_label_before_complex'  >Consentimiento<span class=\"gfield_required\"><span class=\"gfield_required gfield_required_text\">(Obligatorio)<\/span><\/span><\/legend><div class='ginput_container ginput_container_consent'><input name='input_13.1' id='input_1_13_1' type='checkbox' value='1'  aria-describedby=\"gfield_consent_description_1_13 gfield_description_1_13\" aria-required=\"true\" aria-invalid=\"false\"   \/> <label class=\"gfield_consent_label\" for='input_1_13_1' >He le\u00eddo y acepto la pol\u00edtica de privacidad<\/label><input type='hidden' name='input_13.2' value='He le\u00eddo y acepto la pol\u00edtica de privacidad' class='gform_hidden' \/><input type='hidden' name='input_13.3' value='4' class='gform_hidden' \/><\/div><div class='gfield_description gfield_consent_description' id='gfield_consent_description_1_13'>Le informamos conforme a lo previsto en el RGPD, de 27 de abril de 2016, que ARETE ACTIVA, S.L., recaba y trata sus datos de car\u00e1cter personal, aplicando las medidas t\u00e9cnicas y organizativas que garantizan su confidencialidad, con la finalidad de gestionar la relaci\u00f3n que le vincula. Con este intercambio de correos, usted da su consentimiento y autorizaci\u00f3n para dicho tratamiento. Conservaremos sus datos de car\u00e1cter personal \u00fanicamente el tiempo imprescindible para gestionar nuestra relaci\u00f3n. Podr\u00e1 ejercitar los derechos de acceso, rectificaci\u00f3n, supresi\u00f3n, limitaci\u00f3n, portabilidad y oposici\u00f3n dirigi\u00e9ndose a ARETE ACTIVA, S.L. con direcci\u00f3n AVDA. P\u00cdO XII, 5, 1\u00ba, PAMPLONA,31008, NAVARRA<\/div><\/fieldset><\/div><\/div>\n        <div class='gform_footer top_label'> <input type='submit' id='gform_submit_button_1' class='gform_button button' value='Enviar'  onclick='if(window[\"gf_submitting_1\"]){return false;}  if( !jQuery(\"#gform_1\")[0].checkValidity || jQuery(\"#gform_1\")[0].checkValidity()){window[\"gf_submitting_1\"]=true;}  ' onkeypress='if( event.keyCode == 13 ){ if(window[\"gf_submitting_1\"]){return false;} if( !jQuery(\"#gform_1\")[0].checkValidity || jQuery(\"#gform_1\")[0].checkValidity()){window[\"gf_submitting_1\"]=true;}  jQuery(\"#gform_1\").trigger(\"submit\",[true]); }' \/> \n            <input type='hidden' class='gform_hidden' name='is_submit_1' value='1' \/>\n            <input type='hidden' class='gform_hidden' name='gform_submit' value='1' \/>\n            \n            <input type='hidden' class='gform_hidden' name='gform_unique_id' value='' \/>\n            <input type='hidden' class='gform_hidden' name='state_1' value='WyJ7XCI3XCI6W1wiOTU3ZWRjNzAxN2E5ZmIxOWI5YTQxOWI0ZTZjODA4YmJcIixcIjBmMmZhNDA4ODE2MDY3MjA4NmYyYzM4M2EzZDljOTIxXCJdLFwiMTMuMVwiOlwiMDRkYjIzYmQ3ZjlhMGFiMjMwN2RkNDc4NGI5NWM4OWRcIixcIjEzLjJcIjpcIjNkYWZjNjFlMGU1MTJhNTcyYmQwZTYwNWEwZGNhMDhlXCIsXCIxMy4zXCI6XCIwMGUxMzBiMTI3MjJiYzZmYjg5YThmOWMzOWE0ZmEzZVwifSIsImY0ZmY1ZGQyNDI0NGQwMGJmMDMxNmUxMGI0MzMyNTY0Il0=' \/>\n            <input type='hidden' class='gform_hidden' name='gform_target_page_number_1' id='gform_target_page_number_1' value='0' \/>\n            <input type='hidden' class='gform_hidden' name='gform_source_page_number_1' id='gform_source_page_number_1' value='1' \/>\n            <input type='hidden' name='gform_field_values' value='' \/>\n            \n        <\/div>\n                        <\/form>\n                        <\/div><\/div><\/div><\/div><\/div><\/div><\/section>\n","protected":false},"excerpt":{"rendered":"&#8211; TE AYUDAMOS A PLANIFICAR TU CAMINO- Indica por favor el tipo de jornada en la que est\u00e1 interesado\/a:(Obligatorio) Media jornada Jornada completa M\u00e1s de una jornada Otra opci\u00f3n: Otra opci\u00f3n: Seleccionada por favor los aspectos que te gustar\u00eda trabajar en el camino:(Obligatorio) Identificaci\u00f3n con la empresa (misi\u00f3n, visi\u00f3n, valores) Comunicaci\u00f3n Cohesi\u00f3n de equipo Liderazgo...","protected":false},"author":3,"featured_media":0,"parent":0,"menu_order":0,"comment_status":"closed","ping_status":"closed","template":"","meta":{"_exactmetrics_skip_tracking":false,"_exactmetrics_sitenote_active":false,"_exactmetrics_sitenote_note":"","_exactmetrics_sitenote_category":0,"footnotes":""},"yoast_head":"<!-- This site is optimized with the Yoast SEO plugin v22.1 - https:\/\/yoast.com\/wordpress\/plugins\/seo\/ -->\n<title>Formulario Camino de Santiago - El Camino Aret\u00e9<\/title>\n<meta name=\"robots\" content=\"index, follow, max-snippet:-1, max-image-preview:large, max-video-preview:-1\" \/>\n<link rel=\"canonical\" href=\"https:\/\/elcaminoarete.com\/es\/formulario-camino-de-santiago\/\" \/>\n<meta property=\"og:locale\" content=\"es_ES\" \/>\n<meta property=\"og:type\" content=\"article\" \/>\n<meta property=\"og:title\" content=\"Formulario Camino de Santiago - El Camino Aret\u00e9\" \/>\n<meta property=\"og:url\" content=\"https:\/\/elcaminoarete.com\/es\/formulario-camino-de-santiago\/\" \/>\n<meta property=\"og:site_name\" content=\"El Camino Aret\u00e9\" \/>\n<meta property=\"article:modified_time\" content=\"2022-01-24T09:13:01+00:00\" \/>\n<meta property=\"og:image\" content=\"https:\/\/elcaminoarete.com\/es\/wp-content\/uploads\/sites\/3\/2019\/05\/Untitled-design.png\" \/>\n\t<meta property=\"og:image:width\" content=\"200\" \/>\n\t<meta property=\"og:image:height\" content=\"200\" \/>\n\t<meta property=\"og:image:type\" content=\"image\/png\" \/>\n<meta name=\"twitter:card\" content=\"summary_large_image\" \/>\n<script type=\"application\/ld+json\" class=\"yoast-schema-graph\">{\"@context\":\"https:\/\/schema.org\",\"@graph\":[{\"@type\":\"WebPage\",\"@id\":\"https:\/\/elcaminoarete.com\/es\/formulario-camino-de-santiago\/\",\"url\":\"https:\/\/elcaminoarete.com\/es\/formulario-camino-de-santiago\/\",\"name\":\"Formulario Camino de Santiago - El Camino Aret\u00e9\",\"isPartOf\":{\"@id\":\"https:\/\/elcaminoarete.com\/es\/#website\"},\"datePublished\":\"2022-01-24T09:03:40+00:00\",\"dateModified\":\"2022-01-24T09:13:01+00:00\",\"breadcrumb\":{\"@id\":\"https:\/\/elcaminoarete.com\/es\/formulario-camino-de-santiago\/#breadcrumb\"},\"inLanguage\":\"es\",\"potentialAction\":[{\"@type\":\"ReadAction\",\"target\":[\"https:\/\/elcaminoarete.com\/es\/formulario-camino-de-santiago\/\"]}]},{\"@type\":\"BreadcrumbList\",\"@id\":\"https:\/\/elcaminoarete.com\/es\/formulario-camino-de-santiago\/#breadcrumb\",\"itemListElement\":[{\"@type\":\"ListItem\",\"position\":1,\"name\":\"Portada\",\"item\":\"https:\/\/elcaminoarete.com\/es\/\"},{\"@type\":\"ListItem\",\"position\":2,\"name\":\"Formulario Camino de Santiago\"}]},{\"@type\":\"WebSite\",\"@id\":\"https:\/\/elcaminoarete.com\/es\/#website\",\"url\":\"https:\/\/elcaminoarete.com\/es\/\",\"name\":\"El Camino Aret\u00e9\",\"description\":\"Coaching en el Camino de Santiago\",\"potentialAction\":[{\"@type\":\"SearchAction\",\"target\":{\"@type\":\"EntryPoint\",\"urlTemplate\":\"https:\/\/elcaminoarete.com\/es\/?s={search_term_string}\"},\"query-input\":\"required name=search_term_string\"}],\"inLanguage\":\"es\"}]}<\/script>\n<!-- \/ Yoast SEO plugin. -->","yoast_head_json":{"title":"Formulario Camino de Santiago - El Camino Aret\u00e9","robots":{"index":"index","follow":"follow","max-snippet":"max-snippet:-1","max-image-preview":"max-image-preview:large","max-video-preview":"max-video-preview:-1"},"canonical":"https:\/\/elcaminoarete.com\/es\/formulario-camino-de-santiago\/","og_locale":"es_ES","og_type":"article","og_title":"Formulario Camino de Santiago - El Camino Aret\u00e9","og_url":"https:\/\/elcaminoarete.com\/es\/formulario-camino-de-santiago\/","og_site_name":"El Camino Aret\u00e9","article_modified_time":"2022-01-24T09:13:01+00:00","og_image":[{"width":200,"height":200,"url":"https:\/\/elcaminoarete.com\/es\/wp-content\/uploads\/sites\/3\/2019\/05\/Untitled-design.png","type":"image\/png"}],"twitter_card":"summary_large_image","schema":{"@context":"https:\/\/schema.org","@graph":[{"@type":"WebPage","@id":"https:\/\/elcaminoarete.com\/es\/formulario-camino-de-santiago\/","url":"https:\/\/elcaminoarete.com\/es\/formulario-camino-de-santiago\/","name":"Formulario Camino de Santiago - El Camino Aret\u00e9","isPartOf":{"@id":"https:\/\/elcaminoarete.com\/es\/#website"},"datePublished":"2022-01-24T09:03:40+00:00","dateModified":"2022-01-24T09:13:01+00:00","breadcrumb":{"@id":"https:\/\/elcaminoarete.com\/es\/formulario-camino-de-santiago\/#breadcrumb"},"inLanguage":"es","potentialAction":[{"@type":"ReadAction","target":["https:\/\/elcaminoarete.com\/es\/formulario-camino-de-santiago\/"]}]},{"@type":"BreadcrumbList","@id":"https:\/\/elcaminoarete.com\/es\/formulario-camino-de-santiago\/#breadcrumb","itemListElement":[{"@type":"ListItem","position":1,"name":"Portada","item":"https:\/\/elcaminoarete.com\/es\/"},{"@type":"ListItem","position":2,"name":"Formulario Camino de Santiago"}]},{"@type":"WebSite","@id":"https:\/\/elcaminoarete.com\/es\/#website","url":"https:\/\/elcaminoarete.com\/es\/","name":"El Camino Aret\u00e9","description":"Coaching en el Camino de Santiago","potentialAction":[{"@type":"SearchAction","target":{"@type":"EntryPoint","urlTemplate":"https:\/\/elcaminoarete.com\/es\/?s={search_term_string}"},"query-input":"required name=search_term_string"}],"inLanguage":"es"}]}},"_links":{"self":[{"href":"https:\/\/elcaminoarete.com\/es\/wp-json\/wp\/v2\/pages\/1686"}],"collection":[{"href":"https:\/\/elcaminoarete.com\/es\/wp-json\/wp\/v2\/pages"}],"about":[{"href":"https:\/\/elcaminoarete.com\/es\/wp-json\/wp\/v2\/types\/page"}],"author":[{"embeddable":true,"href":"https:\/\/elcaminoarete.com\/es\/wp-json\/wp\/v2\/users\/3"}],"replies":[{"embeddable":true,"href":"https:\/\/elcaminoarete.com\/es\/wp-json\/wp\/v2\/comments?post=1686"}],"version-history":[{"count":7,"href":"https:\/\/elcaminoarete.com\/es\/wp-json\/wp\/v2\/pages\/1686\/revisions"}],"predecessor-version":[{"id":1694,"href":"https:\/\/elcaminoarete.com\/es\/wp-json\/wp\/v2\/pages\/1686\/revisions\/1694"}],"wp:attachment":[{"href":"https:\/\/elcaminoarete.com\/es\/wp-json\/wp\/v2\/media?parent=1686"}],"curies":[{"name":"wp","href":"https:\/\/api.w.org\/{rel}","templated":true}]}}