{"id":1715,"date":"2022-01-24T15:50:17","date_gmt":"2022-01-24T15:50:17","guid":{"rendered":"https:\/\/elcaminoarete.com\/es\/?page_id=1715"},"modified":"2022-01-31T07:10:25","modified_gmt":"2022-01-31T07:10:25","slug":"contacto","status":"publish","type":"page","link":"https:\/\/elcaminoarete.com\/es\/contacto\/","title":{"rendered":"Contacto"},"content":{"rendered":"<section class=\"l-section wpb_row height_medium\"><div class=\"l-section-h i-cf\"><div class=\"g-cols vc_row type_default valign_top gap-10px\"><style>.g-cols.gap-10px{margin:0 calc(-1.5rem - 10px)}.gap-10px > .vc_column_container {padding:10px}<\/style><div class=\"vc_col-sm-6 wpb_column vc_column_container\"><div class=\"vc_column-inner\"><div class=\"wpb_wrapper\"><div class=\"wpb_text_column us_custom_49892db1 has_text_color\"><div class=\"wpb_wrapper\"><h3>DONDE ESTAMOS<\/h3>\n<\/div><\/div><div class=\"w-separator size_small\"><\/div><div class=\"w-iconbox iconpos_left style_outlined color_primary align_left\"><div class=\"w-iconbox-icon\" style=\"font-size:20px;\"><i class=\"fas fa-map-marker-alt\"><\/i><\/div><div class=\"w-iconbox-meta\"><h4 class=\"w-iconbox-title\">ARET\u00c9 ACTIVA (Navarra) Espa\u00f1a<\/h4><div class=\"w-iconbox-text\"><p>Avenida P\u00edo XII, 5 &#8211; 1\u00ba Dcha.,<br \/>\n31008 Pamplona, Navarra<\/p>\n<p>+34 948 19 96 13<\/p>\n<\/div><\/div><\/div><div class=\"w-separator size_small\"><\/div><div class=\"w-iconbox iconpos_left style_outlined color_primary align_left\"><div class=\"w-iconbox-icon\" style=\"font-size:20px;\"><i class=\"fas fa-map-marker-alt\"><\/i><\/div><div class=\"w-iconbox-meta\"><h4 class=\"w-iconbox-title\">ARET\u00c9 ACTIVA (Madrid) Espa\u00f1a<\/h4><div class=\"w-iconbox-text\"><p>Paseo de la Castellana, 190,<br \/>\n28046 (Madrid)<\/p>\n<p>+34 919 920 111<br \/>\n+34 633 336 068<\/p>\n<\/div><\/div><\/div><div class=\"w-separator size_small\"><\/div><div class=\"w-iconbox iconpos_left style_outlined color_primary align_left no_text\"><a class=\"w-iconbox-link\" href=\"https:\/\/arete-activa.com\" target=\"_blank\" rel=\"noopener\" aria-label=\"www.arete-activa.com\"><div class=\"w-iconbox-icon\" style=\"font-size:20px;\"><i class=\"fas fa-globe\"><\/i><\/div><\/a><div class=\"w-iconbox-meta\"><a class=\"w-iconbox-link\" href=\"https:\/\/arete-activa.com\" target=\"_blank\" rel=\"noopener\" aria-label=\"www.arete-activa.com\"><h4 class=\"w-iconbox-title\">www.arete-activa.com<\/h4><\/a><\/div><\/div><div class=\"w-separator size_small\"><\/div><div class=\"w-iconbox iconpos_left style_outlined color_primary align_left no_text\"><div class=\"w-iconbox-icon\" style=\"font-size:20px;\"><i class=\"fas fa-envelope\"><\/i><\/div><div class=\"w-iconbox-meta\"><h4 class=\"w-iconbox-title\">elcamino@arete-activa.com<\/h4><\/div><\/div><\/div><\/div><\/div><div class=\"vc_col-sm-6 wpb_column vc_column_container\"><div class=\"vc_column-inner\"><div class=\"wpb_wrapper\"><div class=\"wpb_text_column us_custom_49892db1 has_text_color\"><div class=\"wpb_wrapper\"><h3>CONTACTA CON NOSOTROS<\/h3>\n<\/div><\/div><div class=\"w-separator size_small\"><\/div><div class=\"w-form for_cform  layout_ver us_form_1\">\n\t<form class=\"w-form-h\" autocomplete=\"off\" action=\"https:\/\/elcaminoarete.com\/es\/es\/wp-json\/wp\/v2\/pages\/1715\" method=\"post\">\n\t\t\t\t<div class=\"w-form-row for_text required with_icon\">\n\t\t<div class=\"w-form-row-field\">\n\t\t<i class=\"far fa-user\"><\/i>\t\t<input type=\"text\" name=\"us_form_1_text_1\" aria-label=\"Nombre\" value=\"\" placeholder=\"Nombre *\" data-required=\"true\" aria-required=\"true\"\/>\n\t\t\t<\/div>\n\t\t<div class=\"w-form-row-state\">Rellena este campo<\/div>\n<\/div>\n\t\t<div class=\"w-form-row for_text required with_icon\">\n\t\t<div class=\"w-form-row-field\">\n\t\t<i class=\"far fa-envelope\"><\/i>\t\t<input type=\"text\" name=\"us_form_1_text_2\" aria-label=\"Email\" value=\"\" placeholder=\"Email *\" data-required=\"true\" aria-required=\"true\"\/>\n\t\t\t<\/div>\n\t\t<div class=\"w-form-row-state\">Rellena este campo<\/div>\n<\/div>\n\t\t<div class=\"w-form-row for_text required with_icon\">\n\t\t<div class=\"w-form-row-field\">\n\t\t<i class=\"far fa-phone\"><\/i>\t\t<input type=\"text\" name=\"us_form_1_text_3\" aria-label=\"Numero de Telefono\" value=\"\" placeholder=\"Numero de Telefono *\" data-required=\"true\" aria-required=\"true\"\/>\n\t\t\t<\/div>\n\t\t<div class=\"w-form-row-state\">Rellena este campo<\/div>\n<\/div>\n\t\t<div class=\"w-form-row for_textarea required with_icon\">\n\t\t<div class=\"w-form-row-field\">\n\t\t<i class=\"far fa-pencil\"><\/i>\t\t<textarea  name=\"us_form_1_textarea_1\" aria-label=\"Mensaje\" placeholder=\"Mensaje *\" data-required=\"true\" aria-required=\"true\"><\/textarea>\n\t\t\t<\/div>\n\t\t<div class=\"w-form-row-state\">Rellena este campo<\/div>\n<\/div>\n\t\t<input type=\"hidden\" name=\"action\" value=\"us_ajax_cform\" \/>\n\t\t<input type=\"hidden\" name=\"post_id\" value=\"1715\" \/>\n\t\t<input type=\"hidden\" name=\"form_index\" value=\"1\" \/>\n\t\t<div class=\"w-form-row for_submit align_left\">\n\t<div class=\"w-form-row-field\">\n\t\t\t\t<button class=\"w-btn  us-btn-style_13\" type=\"submit\" aria-label=\"ENVIAR\">\n\t\t\t<span class=\"g-preloader type_1\"><\/span>\n\t\t\t\t\t\t<span class=\"w-btn-label\">ENVIAR<\/span>\n\t\t\t\t\t<\/button>\n\t<\/div>\n<\/div>\n\t\t\t\t\t<\/form>\n\t<div class=\"w-form-message\"><\/div>\n\t<div class=\"w-form-json hidden\" onclick='return {&quot;ajaxurl&quot;:&quot;https:\\\/\\\/elcaminoarete.com\\\/es\\\/wp-admin\\\/admin-ajax.php&quot;}'><\/div>\n<\/div><\/div><\/div><\/div><\/div><\/div><\/section><!-- Row Backgrounds --><div class=\"upb_color\" data-bg-override=\"0\" data-bg-color=\"#f1f1f1\" data-fadeout=\"\" data-fadeout-percentage=\"30\" data-parallax-content=\"\" data-parallax-content-sense=\"30\" data-row-effect-mobile-disable=\"true\" data-img-parallax-mobile-disable=\"true\" data-rtl=\"false\"  data-custom-vc-row=\"\"  data-vc=\"6.1\"  data-is_old_vc=\"\"  data-theme-support=\"\"   data-overlay=\"false\" data-overlay-color=\"\" data-overlay-pattern=\"\" data-overlay-pattern-opacity=\"\" data-overlay-pattern-size=\"\"    ><\/div>\n","protected":false},"excerpt":{"rendered":"DONDE ESTAMOS ARET\u00c9 ACTIVA (Navarra) Espa\u00f1aAvenida P\u00edo XII, 5 - 1\u00ba Dcha., 31008 Pamplona, Navarra +34 948 19 96 13 ARET\u00c9 ACTIVA (Madrid) Espa\u00f1aPaseo de la Castellana, 190, 28046 (Madrid) +34 919 920 111 +34 633 336 068 www.arete-activa.comelcamino@arete-activa.comCONTACTA CON NOSOTROS Rellena este campo Rellena este campo Rellena este campo Rellena este campo ENVIAR","protected":false},"author":3,"featured_media":0,"parent":0,"menu_order":0,"comment_status":"closed","ping_status":"closed","template":"","meta":{"_exactmetrics_skip_tracking":false,"_exactmetrics_sitenote_active":false,"_exactmetrics_sitenote_note":"","_exactmetrics_sitenote_category":0,"footnotes":""},"yoast_head":"<!-- This site is optimized with the Yoast SEO plugin v22.1 - https:\/\/yoast.com\/wordpress\/plugins\/seo\/ -->\n<title>Contacto - El Camino Aret\u00e9<\/title>\n<meta name=\"robots\" content=\"index, follow, max-snippet:-1, max-image-preview:large, max-video-preview:-1\" \/>\n<link rel=\"canonical\" href=\"https:\/\/elcaminoarete.com\/es\/contacto\/\" \/>\n<meta property=\"og:locale\" content=\"es_ES\" \/>\n<meta property=\"og:type\" content=\"article\" \/>\n<meta property=\"og:title\" content=\"Contacto - El Camino Aret\u00e9\" \/>\n<meta property=\"og:url\" content=\"https:\/\/elcaminoarete.com\/es\/contacto\/\" \/>\n<meta property=\"og:site_name\" content=\"El Camino Aret\u00e9\" \/>\n<meta property=\"article:modified_time\" content=\"2022-01-31T07:10:25+00:00\" \/>\n<meta property=\"og:image\" content=\"https:\/\/elcaminoarete.com\/es\/wp-content\/uploads\/sites\/3\/2019\/05\/Untitled-design.png\" \/>\n\t<meta property=\"og:image:width\" content=\"200\" \/>\n\t<meta property=\"og:image:height\" content=\"200\" \/>\n\t<meta property=\"og:image:type\" content=\"image\/png\" \/>\n<meta name=\"twitter:card\" content=\"summary_large_image\" \/>\n<meta name=\"twitter:label1\" content=\"Tiempo de lectura\" \/>\n\t<meta name=\"twitter:data1\" content=\"1 minuto\" \/>\n<script type=\"application\/ld+json\" class=\"yoast-schema-graph\">{\"@context\":\"https:\/\/schema.org\",\"@graph\":[{\"@type\":\"WebPage\",\"@id\":\"https:\/\/elcaminoarete.com\/es\/contacto\/\",\"url\":\"https:\/\/elcaminoarete.com\/es\/contacto\/\",\"name\":\"Contacto - El Camino Aret\u00e9\",\"isPartOf\":{\"@id\":\"https:\/\/elcaminoarete.com\/es\/#website\"},\"datePublished\":\"2022-01-24T15:50:17+00:00\",\"dateModified\":\"2022-01-31T07:10:25+00:00\",\"breadcrumb\":{\"@id\":\"https:\/\/elcaminoarete.com\/es\/contacto\/#breadcrumb\"},\"inLanguage\":\"es\",\"potentialAction\":[{\"@type\":\"ReadAction\",\"target\":[\"https:\/\/elcaminoarete.com\/es\/contacto\/\"]}]},{\"@type\":\"BreadcrumbList\",\"@id\":\"https:\/\/elcaminoarete.com\/es\/contacto\/#breadcrumb\",\"itemListElement\":[{\"@type\":\"ListItem\",\"position\":1,\"name\":\"Portada\",\"item\":\"https:\/\/elcaminoarete.com\/es\/\"},{\"@type\":\"ListItem\",\"position\":2,\"name\":\"Contacto\"}]},{\"@type\":\"WebSite\",\"@id\":\"https:\/\/elcaminoarete.com\/es\/#website\",\"url\":\"https:\/\/elcaminoarete.com\/es\/\",\"name\":\"El Camino Aret\u00e9\",\"description\":\"Coaching en el Camino de Santiago\",\"potentialAction\":[{\"@type\":\"SearchAction\",\"target\":{\"@type\":\"EntryPoint\",\"urlTemplate\":\"https:\/\/elcaminoarete.com\/es\/?s={search_term_string}\"},\"query-input\":\"required name=search_term_string\"}],\"inLanguage\":\"es\"}]}<\/script>\n<!-- \/ Yoast SEO plugin. -->","yoast_head_json":{"title":"Contacto - El Camino Aret\u00e9","robots":{"index":"index","follow":"follow","max-snippet":"max-snippet:-1","max-image-preview":"max-image-preview:large","max-video-preview":"max-video-preview:-1"},"canonical":"https:\/\/elcaminoarete.com\/es\/contacto\/","og_locale":"es_ES","og_type":"article","og_title":"Contacto - El Camino Aret\u00e9","og_url":"https:\/\/elcaminoarete.com\/es\/contacto\/","og_site_name":"El Camino Aret\u00e9","article_modified_time":"2022-01-31T07:10:25+00:00","og_image":[{"width":200,"height":200,"url":"https:\/\/elcaminoarete.com\/es\/wp-content\/uploads\/sites\/3\/2019\/05\/Untitled-design.png","type":"image\/png"}],"twitter_card":"summary_large_image","twitter_misc":{"Tiempo de lectura":"1 minuto"},"schema":{"@context":"https:\/\/schema.org","@graph":[{"@type":"WebPage","@id":"https:\/\/elcaminoarete.com\/es\/contacto\/","url":"https:\/\/elcaminoarete.com\/es\/contacto\/","name":"Contacto - El Camino Aret\u00e9","isPartOf":{"@id":"https:\/\/elcaminoarete.com\/es\/#website"},"datePublished":"2022-01-24T15:50:17+00:00","dateModified":"2022-01-31T07:10:25+00:00","breadcrumb":{"@id":"https:\/\/elcaminoarete.com\/es\/contacto\/#breadcrumb"},"inLanguage":"es","potentialAction":[{"@type":"ReadAction","target":["https:\/\/elcaminoarete.com\/es\/contacto\/"]}]},{"@type":"BreadcrumbList","@id":"https:\/\/elcaminoarete.com\/es\/contacto\/#breadcrumb","itemListElement":[{"@type":"ListItem","position":1,"name":"Portada","item":"https:\/\/elcaminoarete.com\/es\/"},{"@type":"ListItem","position":2,"name":"Contacto"}]},{"@type":"WebSite","@id":"https:\/\/elcaminoarete.com\/es\/#website","url":"https:\/\/elcaminoarete.com\/es\/","name":"El Camino Aret\u00e9","description":"Coaching en el Camino de Santiago","potentialAction":[{"@type":"SearchAction","target":{"@type":"EntryPoint","urlTemplate":"https:\/\/elcaminoarete.com\/es\/?s={search_term_string}"},"query-input":"required name=search_term_string"}],"inLanguage":"es"}]}},"_links":{"self":[{"href":"https:\/\/elcaminoarete.com\/es\/wp-json\/wp\/v2\/pages\/1715"}],"collection":[{"href":"https:\/\/elcaminoarete.com\/es\/wp-json\/wp\/v2\/pages"}],"about":[{"href":"https:\/\/elcaminoarete.com\/es\/wp-json\/wp\/v2\/types\/page"}],"author":[{"embeddable":true,"href":"https:\/\/elcaminoarete.com\/es\/wp-json\/wp\/v2\/users\/3"}],"replies":[{"embeddable":true,"href":"https:\/\/elcaminoarete.com\/es\/wp-json\/wp\/v2\/comments?post=1715"}],"version-history":[{"count":3,"href":"https:\/\/elcaminoarete.com\/es\/wp-json\/wp\/v2\/pages\/1715\/revisions"}],"predecessor-version":[{"id":1718,"href":"https:\/\/elcaminoarete.com\/es\/wp-json\/wp\/v2\/pages\/1715\/revisions\/1718"}],"wp:attachment":[{"href":"https:\/\/elcaminoarete.com\/es\/wp-json\/wp\/v2\/media?parent=1715"}],"curies":[{"name":"wp","href":"https:\/\/api.w.org\/{rel}","templated":true}]}}