{"id":1177,"date":"2019-03-07T19:36:58","date_gmt":"2019-03-07T19:36:58","guid":{"rendered":"https:\/\/elcaminoarete.com\/fr\/?page_id=1177"},"modified":"2019-03-13T09:59:13","modified_gmt":"2019-03-13T09:59:13","slug":"vous-etes-prets","status":"publish","type":"page","link":"https:\/\/elcaminoarete.com\/fr\/vous-etes-prets\/","title":{"rendered":"Vous \u00eates pr\u00eats ?"},"content":{"rendered":"\n<figure class=\"wp-block-image\"><img loading=\"lazy\" decoding=\"async\" width=\"1024\" height=\"576\" src=\"https:\/\/elcaminoarete.com\/fr\/wp-content\/uploads\/sites\/2\/2019\/03\/walking-mountain-adventure-backpack-soil-pilgrimage-1326907-pxhere.com_-1024x576.jpg\" alt=\"\" class=\"wp-image-1201\" srcset=\"https:\/\/elcaminoarete.com\/fr\/wp-content\/uploads\/sites\/2\/2019\/03\/walking-mountain-adventure-backpack-soil-pilgrimage-1326907-pxhere.com_-1024x576.jpg 1024w, https:\/\/elcaminoarete.com\/fr\/wp-content\/uploads\/sites\/2\/2019\/03\/walking-mountain-adventure-backpack-soil-pilgrimage-1326907-pxhere.com_-300x169.jpg 300w, https:\/\/elcaminoarete.com\/fr\/wp-content\/uploads\/sites\/2\/2019\/03\/walking-mountain-adventure-backpack-soil-pilgrimage-1326907-pxhere.com_-500x281.jpg 500w, https:\/\/elcaminoarete.com\/fr\/wp-content\/uploads\/sites\/2\/2019\/03\/walking-mountain-adventure-backpack-soil-pilgrimage-1326907-pxhere.com_.jpg 1280w\" sizes=\"(max-width: 1024px) 100vw, 1024px\" \/><figcaption>P\u00e8lerinage \u00e0 pied \u00e0 Santiago<\/figcaption><\/figure>\n\n\n\n<p>L&#8217;un des doutes qui assaillent les nouveaux p\u00e8lerins est de savoir s&#8217;ils vont \u00eatre capables de supporter avec des garanties ce grand d\u00e9fi du p\u00e8lerinage et s&#8217;ils ont besoin d&#8217;une pr\u00e9paration physique pour le Chemin de Saint-Jacques.<\/p>\n\n\n\n<p>Avec ces lignes, nous allons essayer d&#8217;\u00e9tablir une s\u00e9rie de recommandations g\u00e9n\u00e9rales \u00e0 pr\u00e9parer \u00e0 l&#8217;avance et qui feront de votre Camino avec El Camino Aret\u00e9 une exp\u00e9rience beaucoup plus agr\u00e9able et satisfaisante, \u00e9vitant ainsi une mauvaise planification.<\/p>\n\n\n\n<h2 class=\"wp-block-heading\"> Conseils de base<br><\/h2>\n\n\n\n<p> Tout d&#8217;abord, il est recommand\u00e9 de commencer la pr\u00e9paration physique avec un pr\u00e9avis d&#8217;un mois \u00e0 l&#8217;avance, dans lequel de courtes marches seront effectu\u00e9es afin de commencer avec une fr\u00e9quence autour de 2-3 marches hebdomadaires.<\/p>\n\n\n\n<p>Nous augmenterons progressivement ces promenades jusqu&#8217;\u00e0 atteindre la derni\u00e8re semaine avec des marches quotidiennes et des distances \u00e9gales \u00e0 la moyenne de vos \u00e9tapes, en essayant toujours d&#8217;utiliser les chaussures choisies pour le Chemin, dans le but de vous habituer peu \u00e0 peu et de ne pas appara\u00eetre les cloques redout\u00e9es au moment le moins indiqu\u00e9.<\/p>\n\n\n\n<p>Il sera \u00e9galement tr\u00e8s utile d&#8217;accompagner ces promenades par des s\u00e9ances de gymnastique compl\u00e9mentaires, afin de tonifier votre corps et de permettre aux muscles de gagner en \u00e9lasticit\u00e9, en \u00e9vitant les probl\u00e8mes musculaires ou articulaires \u00e0 l&#8217;avenir.<\/p>\n\n\n\n<p>De plus, dans la mesure du possible, certaines de ces promenades devraient \u00eatre faites par une montagne voisine, afin que vous puissiez faire les multiples mont\u00e9es et descentes que vous trouverez.<\/p>\n\n\n\n<h2 class=\"wp-block-heading\"> Choisissez bien votre \u00e9quipement<br><\/h2>\n\n\n\n<p> Il est tr\u00e8s important que vous vous habituiez aux chaussures que vous allez porter et aux v\u00eatements. Il sera donc fortement recommand\u00e9 d&#8217;utiliser la m\u00eame chose dans la formation. Cherchez ce qui vous met \u00e0 l&#8217;aise.<\/p>\n\n\n\n<h2 class=\"wp-block-heading\">N&#8217;oubliez jamais<br><\/h2>\n\n\n\n<p> Enfin, il est essentiel de bien s&#8217;\u00e9tirer, avant et apr\u00e8s l&#8217;\u00e9tape, surtout les jumeaux, les ischio-jambiers et les quadriceps, car ce sont les jambes qui souffrent le plus de la raideur redout\u00e9e, mais sans oublier les autres muscles et articulations du corps.<\/p>\n\n\n\n<p>Pr\u00eat \u00e0 marcher avec El Camino Aret\u00e9 ?<\/p>\n","protected":false},"excerpt":{"rendered":"<p>L&#8217;un des doutes qui assaillent les nouveaux p\u00e8lerins est de savoir s&#8217;ils vont \u00eatre capables de supporter avec des garanties ce grand d\u00e9fi du p\u00e8lerinage et s&#8217;ils ont besoin d&#8217;une pr\u00e9paration physique pour le Chemin de Saint-Jacques. Avec ces lignes, nous allons essayer d&#8217;\u00e9tablir une s\u00e9rie de recommandations g\u00e9n\u00e9rales \u00e0 pr\u00e9parer \u00e0 l&#8217;avance et qui&#8230;<\/p>\n","protected":false},"author":3,"featured_media":0,"parent":0,"menu_order":0,"comment_status":"closed","ping_status":"closed","template":"","meta":{"_exactmetrics_skip_tracking":false,"_exactmetrics_sitenote_active":false,"_exactmetrics_sitenote_note":"","_exactmetrics_sitenote_category":0,"footnotes":""},"yoast_head":"<!-- This site is optimized with the Yoast SEO plugin v22.1 - https:\/\/yoast.com\/wordpress\/plugins\/seo\/ -->\n<title>Vous \u00eates pr\u00eats ? - Le Chemin Aret\u00e9<\/title>\n<meta name=\"robots\" content=\"index, follow, max-snippet:-1, max-image-preview:large, max-video-preview:-1\" \/>\n<link rel=\"canonical\" href=\"https:\/\/elcaminoarete.com\/fr\/vous-etes-prets\/\" \/>\n<meta property=\"og:locale\" content=\"fr_FR\" \/>\n<meta property=\"og:type\" content=\"article\" \/>\n<meta property=\"og:title\" content=\"Vous \u00eates pr\u00eats ? - Le Chemin Aret\u00e9\" \/>\n<meta property=\"og:description\" content=\"L&#8217;un des doutes qui assaillent les nouveaux p\u00e8lerins est de savoir s&#8217;ils vont \u00eatre capables de supporter avec des garanties ce grand d\u00e9fi du p\u00e8lerinage et s&#8217;ils ont besoin d&#8217;une pr\u00e9paration physique pour le Chemin de Saint-Jacques. Avec ces lignes, nous allons essayer d&#8217;\u00e9tablir une s\u00e9rie de recommandations g\u00e9n\u00e9rales \u00e0 pr\u00e9parer \u00e0 l&#8217;avance et qui...\" \/>\n<meta property=\"og:url\" content=\"https:\/\/elcaminoarete.com\/fr\/vous-etes-prets\/\" \/>\n<meta property=\"og:site_name\" content=\"Le Chemin Aret\u00e9\" \/>\n<meta property=\"article:modified_time\" content=\"2019-03-13T09:59:13+00:00\" \/>\n<meta property=\"og:image\" content=\"https:\/\/elcaminoarete.com\/fr\/wp-content\/uploads\/sites\/2\/2019\/03\/walking-mountain-adventure-backpack-soil-pilgrimage-1326907-pxhere.com_-1024x576.jpg\" \/>\n<meta name=\"twitter:card\" content=\"summary_large_image\" \/>\n<meta name=\"twitter:label1\" content=\"Dur\u00e9e de lecture estim\u00e9e\" \/>\n\t<meta name=\"twitter:data1\" content=\"2 minutes\" \/>\n<script type=\"application\/ld+json\" class=\"yoast-schema-graph\">{\"@context\":\"https:\/\/schema.org\",\"@graph\":[{\"@type\":\"WebPage\",\"@id\":\"https:\/\/elcaminoarete.com\/fr\/vous-etes-prets\/\",\"url\":\"https:\/\/elcaminoarete.com\/fr\/vous-etes-prets\/\",\"name\":\"Vous \u00eates pr\u00eats ? - Le Chemin Aret\u00e9\",\"isPartOf\":{\"@id\":\"https:\/\/elcaminoarete.com\/fr\/#website\"},\"datePublished\":\"2019-03-07T19:36:58+00:00\",\"dateModified\":\"2019-03-13T09:59:13+00:00\",\"breadcrumb\":{\"@id\":\"https:\/\/elcaminoarete.com\/fr\/vous-etes-prets\/#breadcrumb\"},\"inLanguage\":\"fr-FR\",\"potentialAction\":[{\"@type\":\"ReadAction\",\"target\":[\"https:\/\/elcaminoarete.com\/fr\/vous-etes-prets\/\"]}]},{\"@type\":\"BreadcrumbList\",\"@id\":\"https:\/\/elcaminoarete.com\/fr\/vous-etes-prets\/#breadcrumb\",\"itemListElement\":[{\"@type\":\"ListItem\",\"position\":1,\"name\":\"Portada\",\"item\":\"https:\/\/elcaminoarete.com\/fr\/\"},{\"@type\":\"ListItem\",\"position\":2,\"name\":\"Vous \u00eates pr\u00eats ?\"}]},{\"@type\":\"WebSite\",\"@id\":\"https:\/\/elcaminoarete.com\/fr\/#website\",\"url\":\"https:\/\/elcaminoarete.com\/fr\/\",\"name\":\"Le Chemin Aret\u00e9\",\"description\":\"Coaching a Le Chemin\",\"potentialAction\":[{\"@type\":\"SearchAction\",\"target\":{\"@type\":\"EntryPoint\",\"urlTemplate\":\"https:\/\/elcaminoarete.com\/fr\/?s={search_term_string}\"},\"query-input\":\"required name=search_term_string\"}],\"inLanguage\":\"fr-FR\"}]}<\/script>\n<!-- \/ Yoast SEO plugin. -->","yoast_head_json":{"title":"Vous \u00eates pr\u00eats ? - Le Chemin Aret\u00e9","robots":{"index":"index","follow":"follow","max-snippet":"max-snippet:-1","max-image-preview":"max-image-preview:large","max-video-preview":"max-video-preview:-1"},"canonical":"https:\/\/elcaminoarete.com\/fr\/vous-etes-prets\/","og_locale":"fr_FR","og_type":"article","og_title":"Vous \u00eates pr\u00eats ? - Le Chemin Aret\u00e9","og_description":"L&#8217;un des doutes qui assaillent les nouveaux p\u00e8lerins est de savoir s&#8217;ils vont \u00eatre capables de supporter avec des garanties ce grand d\u00e9fi du p\u00e8lerinage et s&#8217;ils ont besoin d&#8217;une pr\u00e9paration physique pour le Chemin de Saint-Jacques. Avec ces lignes, nous allons essayer d&#8217;\u00e9tablir une s\u00e9rie de recommandations g\u00e9n\u00e9rales \u00e0 pr\u00e9parer \u00e0 l&#8217;avance et qui...","og_url":"https:\/\/elcaminoarete.com\/fr\/vous-etes-prets\/","og_site_name":"Le Chemin Aret\u00e9","article_modified_time":"2019-03-13T09:59:13+00:00","og_image":[{"url":"https:\/\/elcaminoarete.com\/fr\/wp-content\/uploads\/sites\/2\/2019\/03\/walking-mountain-adventure-backpack-soil-pilgrimage-1326907-pxhere.com_-1024x576.jpg"}],"twitter_card":"summary_large_image","twitter_misc":{"Dur\u00e9e de lecture estim\u00e9e":"2 minutes"},"schema":{"@context":"https:\/\/schema.org","@graph":[{"@type":"WebPage","@id":"https:\/\/elcaminoarete.com\/fr\/vous-etes-prets\/","url":"https:\/\/elcaminoarete.com\/fr\/vous-etes-prets\/","name":"Vous \u00eates pr\u00eats ? - Le Chemin Aret\u00e9","isPartOf":{"@id":"https:\/\/elcaminoarete.com\/fr\/#website"},"datePublished":"2019-03-07T19:36:58+00:00","dateModified":"2019-03-13T09:59:13+00:00","breadcrumb":{"@id":"https:\/\/elcaminoarete.com\/fr\/vous-etes-prets\/#breadcrumb"},"inLanguage":"fr-FR","potentialAction":[{"@type":"ReadAction","target":["https:\/\/elcaminoarete.com\/fr\/vous-etes-prets\/"]}]},{"@type":"BreadcrumbList","@id":"https:\/\/elcaminoarete.com\/fr\/vous-etes-prets\/#breadcrumb","itemListElement":[{"@type":"ListItem","position":1,"name":"Portada","item":"https:\/\/elcaminoarete.com\/fr\/"},{"@type":"ListItem","position":2,"name":"Vous \u00eates pr\u00eats ?"}]},{"@type":"WebSite","@id":"https:\/\/elcaminoarete.com\/fr\/#website","url":"https:\/\/elcaminoarete.com\/fr\/","name":"Le Chemin Aret\u00e9","description":"Coaching a Le Chemin","potentialAction":[{"@type":"SearchAction","target":{"@type":"EntryPoint","urlTemplate":"https:\/\/elcaminoarete.com\/fr\/?s={search_term_string}"},"query-input":"required name=search_term_string"}],"inLanguage":"fr-FR"}]}},"_links":{"self":[{"href":"https:\/\/elcaminoarete.com\/fr\/wp-json\/wp\/v2\/pages\/1177"}],"collection":[{"href":"https:\/\/elcaminoarete.com\/fr\/wp-json\/wp\/v2\/pages"}],"about":[{"href":"https:\/\/elcaminoarete.com\/fr\/wp-json\/wp\/v2\/types\/page"}],"author":[{"embeddable":true,"href":"https:\/\/elcaminoarete.com\/fr\/wp-json\/wp\/v2\/users\/3"}],"replies":[{"embeddable":true,"href":"https:\/\/elcaminoarete.com\/fr\/wp-json\/wp\/v2\/comments?post=1177"}],"version-history":[{"count":2,"href":"https:\/\/elcaminoarete.com\/fr\/wp-json\/wp\/v2\/pages\/1177\/revisions"}],"predecessor-version":[{"id":1204,"href":"https:\/\/elcaminoarete.com\/fr\/wp-json\/wp\/v2\/pages\/1177\/revisions\/1204"}],"wp:attachment":[{"href":"https:\/\/elcaminoarete.com\/fr\/wp-json\/wp\/v2\/media?parent=1177"}],"curies":[{"name":"wp","href":"https:\/\/api.w.org\/{rel}","templated":true}]}}