{"id":1179,"date":"2019-03-07T19:38:13","date_gmt":"2019-03-07T19:38:13","guid":{"rendered":"https:\/\/elcaminoarete.com\/fr\/?page_id=1179"},"modified":"2019-03-13T10:30:18","modified_gmt":"2019-03-13T10:30:18","slug":"comment-arriver-en-espagne","status":"publish","type":"page","link":"https:\/\/elcaminoarete.com\/fr\/comment-arriver-en-espagne\/","title":{"rendered":"Comment arriver en Espagne"},"content":{"rendered":"\n<h2 class=\"wp-block-heading\">Comment arriver \u00e0 Sarria ?<\/h2>\n\n\n\n<figure class=\"wp-block-image\"><img loading=\"lazy\" decoding=\"async\" width=\"612\" height=\"612\" src=\"https:\/\/elcaminoarete.com\/fr\/wp-content\/uploads\/sites\/2\/2019\/03\/4f1a9f1424291a1d1793457b6f42ef44.jpg\" alt=\"\" class=\"wp-image-1207\" srcset=\"https:\/\/elcaminoarete.com\/fr\/wp-content\/uploads\/sites\/2\/2019\/03\/4f1a9f1424291a1d1793457b6f42ef44.jpg 612w, https:\/\/elcaminoarete.com\/fr\/wp-content\/uploads\/sites\/2\/2019\/03\/4f1a9f1424291a1d1793457b6f42ef44-150x150.jpg 150w, https:\/\/elcaminoarete.com\/fr\/wp-content\/uploads\/sites\/2\/2019\/03\/4f1a9f1424291a1d1793457b6f42ef44-300x300.jpg 300w, https:\/\/elcaminoarete.com\/fr\/wp-content\/uploads\/sites\/2\/2019\/03\/4f1a9f1424291a1d1793457b6f42ef44-350x350.jpg 350w, https:\/\/elcaminoarete.com\/fr\/wp-content\/uploads\/sites\/2\/2019\/03\/4f1a9f1424291a1d1793457b6f42ef44-500x500.jpg 500w\" sizes=\"(max-width: 612px) 100vw, 612px\" \/><figcaption>Sarria rue principale<\/figcaption><\/figure>\n\n\n\n<p><strong>En train<\/strong>. Il y a une liaison directe (ou changement \u00e0 Monforte de Lemos) avec les trains de jour au d\u00e9part de Barcelone, Madrid et Bilbao, et avec les trains de nuit au d\u00e9part de Barcelone et Madrid. Voir les horaires dans <a href=\"http:\/\/www.renfe.com\">Renfe<\/a>.<\/p>\n\n\n\n<p><strong>En avion<\/strong>. L&#8217;a\u00e9roport le plus proche est <a href=\"http:\/\/www.aena.es\/en\/santiago-airport\/index.html\">Santiago de Compostela<\/a>. Depuis le m\u00eame a\u00e9roport, il y a un service de bus pour Lugo (compagnie <a href=\"http:\/\/www.empresafreire.com\/\">Freire<\/a>), avec entre 5 et 7 fr\u00e9quences quotidiennes, et 2 heures de voyage. A Lugo, la soci\u00e9t\u00e9 <a href=\"http:\/\/www.monbus.es\/\">Monbus <\/a>relie en 35 minutes Lugo \u00e0 Sarria, avec un service toutes les heures environ.<\/p>\n\n\n\n<p><strong>En bus<\/strong>. Sarria n&#8217;a que des liaisons de courte distance ; la plus importante est avec la capitale provinciale, Lugo (compagnie <a href=\"http:\/\/www.monbus.es\/\">Monbus<\/a>).<\/p>\n\n\n\n<h2 class=\"wp-block-heading\"> Comment se rendre \u00e0 Pampelune-Roncesvalles <\/h2>\n\n\n\n<figure class=\"wp-block-image\"><img loading=\"lazy\" decoding=\"async\" width=\"1024\" height=\"779\" src=\"https:\/\/elcaminoarete.com\/fr\/wp-content\/uploads\/sites\/2\/2019\/03\/1795408168_da97bb5897_b-1024x779-1024x779.jpg\" alt=\"\" class=\"wp-image-1167\" srcset=\"https:\/\/elcaminoarete.com\/fr\/wp-content\/uploads\/sites\/2\/2019\/03\/1795408168_da97bb5897_b-1024x779.jpg 1024w, https:\/\/elcaminoarete.com\/fr\/wp-content\/uploads\/sites\/2\/2019\/03\/1795408168_da97bb5897_b-1024x779-300x228.jpg 300w, https:\/\/elcaminoarete.com\/fr\/wp-content\/uploads\/sites\/2\/2019\/03\/1795408168_da97bb5897_b-1024x779-500x380.jpg 500w\" sizes=\"(max-width: 1024px) 100vw, 1024px\" \/><figcaption>Mairie de Pampelune<\/figcaption><\/figure>\n\n\n\n<p> Pour aller \u00e0 Roncevaux avant d&#8217;arriver \u00e0 Pampelune, il y a des vols directs depuis Madrid et Barcelone (<a href=\"http:\/\/www.iberia.es\">Iberia<\/a>) et aujourd&#8217;hui nous avons un vol depuis Francfort op\u00e9r\u00e9 par <a href=\"https:\/\/www.lufthansa.com\/\">Luftansa<\/a>, mais le plus commun est de prendre le train (Renfe) ou le bus (<a href=\"http:\/\/www.conda.es\/\">Conda<\/a>, <a href=\"http:\/\/www.alsa.es\/\">Alsa<\/a>, <a href=\"http:\/\/www.autobuseslaunion.com\/\">La Burundesa<\/a>, <a href=\"http:\/\/www.vibasa.com\/\">Vibasa <\/a>et <a href=\"http:\/\/www.plmautocares.com\/\">PLM <\/a>\u2026).<\/p>\n\n\n\n<p>Depuis la gare routi\u00e8re de Pampelune, <a href=\"http:\/\/www.autocaresartieda.com\/\">http:\/\/www.autocaresartieda.com\/<\/a>Autocares Artieda relie Roncevaux ; du lundi au vendredi \u00e0 18h00, le samedi \u00e0 16h00 et le dimanche et les jours f\u00e9ri\u00e9s, il n&#8217;y a pas de service. En juillet et ao\u00fbt, un autre service est ajout\u00e9 \u00e0 10h00 (sauf les dimanches et jours f\u00e9ri\u00e9s). La dur\u00e9e du voyage est de 1 h et 10 m, et le prix est de 6 euros (et 6 euros par v\u00e9lo). Nous pouvons confirmer les horaires sur le site de la <a href=\"http:\/\/www.estaciondeautobusesdepamplona.com\/Inicio.aspx.html\">gare routi\u00e8re de Pampelune<\/a>.<\/p>\n\n\n\n<p>Le prix approximatif d&#8217;un taxi entre Pampelune et Roncevaux est de 60 euros (jours ouvrables) et 70 euros (samedi, dimanche et jours f\u00e9ri\u00e9s).<\/p>\n","protected":false},"excerpt":{"rendered":"<p>Comment arriver \u00e0 Sarria ? En train. Il y a une liaison directe (ou changement \u00e0 Monforte de Lemos) avec les trains de jour au d\u00e9part de Barcelone, Madrid et Bilbao, et avec les trains de nuit au d\u00e9part de Barcelone et Madrid. Voir les horaires dans Renfe. En avion. L&#8217;a\u00e9roport le plus proche est&#8230;<\/p>\n","protected":false},"author":3,"featured_media":0,"parent":0,"menu_order":0,"comment_status":"closed","ping_status":"closed","template":"","meta":{"_exactmetrics_skip_tracking":false,"_exactmetrics_sitenote_active":false,"_exactmetrics_sitenote_note":"","_exactmetrics_sitenote_category":0,"footnotes":""},"yoast_head":"<!-- This site is optimized with the Yoast SEO plugin v22.1 - https:\/\/yoast.com\/wordpress\/plugins\/seo\/ -->\n<title>Comment arriver en Espagne - Le Chemin Aret\u00e9<\/title>\n<meta name=\"robots\" content=\"index, follow, max-snippet:-1, max-image-preview:large, max-video-preview:-1\" \/>\n<link rel=\"canonical\" href=\"https:\/\/elcaminoarete.com\/fr\/comment-arriver-en-espagne\/\" \/>\n<meta property=\"og:locale\" content=\"fr_FR\" \/>\n<meta property=\"og:type\" content=\"article\" \/>\n<meta property=\"og:title\" content=\"Comment arriver en Espagne - Le Chemin Aret\u00e9\" \/>\n<meta property=\"og:description\" content=\"Comment arriver \u00e0 Sarria ? En train. Il y a une liaison directe (ou changement \u00e0 Monforte de Lemos) avec les trains de jour au d\u00e9part de Barcelone, Madrid et Bilbao, et avec les trains de nuit au d\u00e9part de Barcelone et Madrid. Voir les horaires dans Renfe. En avion. L&#8217;a\u00e9roport le plus proche est...\" \/>\n<meta property=\"og:url\" content=\"https:\/\/elcaminoarete.com\/fr\/comment-arriver-en-espagne\/\" \/>\n<meta property=\"og:site_name\" content=\"Le Chemin Aret\u00e9\" \/>\n<meta property=\"article:modified_time\" content=\"2019-03-13T10:30:18+00:00\" \/>\n<meta property=\"og:image\" content=\"https:\/\/elcaminoarete.com\/fr\/wp-content\/uploads\/sites\/2\/2019\/03\/4f1a9f1424291a1d1793457b6f42ef44.jpg\" \/>\n<meta name=\"twitter:card\" content=\"summary_large_image\" \/>\n<meta name=\"twitter:label1\" content=\"Dur\u00e9e de lecture estim\u00e9e\" \/>\n\t<meta name=\"twitter:data1\" content=\"1 minute\" \/>\n<script type=\"application\/ld+json\" class=\"yoast-schema-graph\">{\"@context\":\"https:\/\/schema.org\",\"@graph\":[{\"@type\":\"WebPage\",\"@id\":\"https:\/\/elcaminoarete.com\/fr\/comment-arriver-en-espagne\/\",\"url\":\"https:\/\/elcaminoarete.com\/fr\/comment-arriver-en-espagne\/\",\"name\":\"Comment arriver en Espagne - Le Chemin Aret\u00e9\",\"isPartOf\":{\"@id\":\"https:\/\/elcaminoarete.com\/fr\/#website\"},\"datePublished\":\"2019-03-07T19:38:13+00:00\",\"dateModified\":\"2019-03-13T10:30:18+00:00\",\"breadcrumb\":{\"@id\":\"https:\/\/elcaminoarete.com\/fr\/comment-arriver-en-espagne\/#breadcrumb\"},\"inLanguage\":\"fr-FR\",\"potentialAction\":[{\"@type\":\"ReadAction\",\"target\":[\"https:\/\/elcaminoarete.com\/fr\/comment-arriver-en-espagne\/\"]}]},{\"@type\":\"BreadcrumbList\",\"@id\":\"https:\/\/elcaminoarete.com\/fr\/comment-arriver-en-espagne\/#breadcrumb\",\"itemListElement\":[{\"@type\":\"ListItem\",\"position\":1,\"name\":\"Portada\",\"item\":\"https:\/\/elcaminoarete.com\/fr\/\"},{\"@type\":\"ListItem\",\"position\":2,\"name\":\"Comment arriver en Espagne\"}]},{\"@type\":\"WebSite\",\"@id\":\"https:\/\/elcaminoarete.com\/fr\/#website\",\"url\":\"https:\/\/elcaminoarete.com\/fr\/\",\"name\":\"Le Chemin Aret\u00e9\",\"description\":\"Coaching a Le Chemin\",\"potentialAction\":[{\"@type\":\"SearchAction\",\"target\":{\"@type\":\"EntryPoint\",\"urlTemplate\":\"https:\/\/elcaminoarete.com\/fr\/?s={search_term_string}\"},\"query-input\":\"required name=search_term_string\"}],\"inLanguage\":\"fr-FR\"}]}<\/script>\n<!-- \/ Yoast SEO plugin. -->","yoast_head_json":{"title":"Comment arriver en Espagne - Le Chemin Aret\u00e9","robots":{"index":"index","follow":"follow","max-snippet":"max-snippet:-1","max-image-preview":"max-image-preview:large","max-video-preview":"max-video-preview:-1"},"canonical":"https:\/\/elcaminoarete.com\/fr\/comment-arriver-en-espagne\/","og_locale":"fr_FR","og_type":"article","og_title":"Comment arriver en Espagne - Le Chemin Aret\u00e9","og_description":"Comment arriver \u00e0 Sarria ? En train. Il y a une liaison directe (ou changement \u00e0 Monforte de Lemos) avec les trains de jour au d\u00e9part de Barcelone, Madrid et Bilbao, et avec les trains de nuit au d\u00e9part de Barcelone et Madrid. Voir les horaires dans Renfe. En avion. L&#8217;a\u00e9roport le plus proche est...","og_url":"https:\/\/elcaminoarete.com\/fr\/comment-arriver-en-espagne\/","og_site_name":"Le Chemin Aret\u00e9","article_modified_time":"2019-03-13T10:30:18+00:00","og_image":[{"url":"https:\/\/elcaminoarete.com\/fr\/wp-content\/uploads\/sites\/2\/2019\/03\/4f1a9f1424291a1d1793457b6f42ef44.jpg"}],"twitter_card":"summary_large_image","twitter_misc":{"Dur\u00e9e de lecture estim\u00e9e":"1 minute"},"schema":{"@context":"https:\/\/schema.org","@graph":[{"@type":"WebPage","@id":"https:\/\/elcaminoarete.com\/fr\/comment-arriver-en-espagne\/","url":"https:\/\/elcaminoarete.com\/fr\/comment-arriver-en-espagne\/","name":"Comment arriver en Espagne - Le Chemin Aret\u00e9","isPartOf":{"@id":"https:\/\/elcaminoarete.com\/fr\/#website"},"datePublished":"2019-03-07T19:38:13+00:00","dateModified":"2019-03-13T10:30:18+00:00","breadcrumb":{"@id":"https:\/\/elcaminoarete.com\/fr\/comment-arriver-en-espagne\/#breadcrumb"},"inLanguage":"fr-FR","potentialAction":[{"@type":"ReadAction","target":["https:\/\/elcaminoarete.com\/fr\/comment-arriver-en-espagne\/"]}]},{"@type":"BreadcrumbList","@id":"https:\/\/elcaminoarete.com\/fr\/comment-arriver-en-espagne\/#breadcrumb","itemListElement":[{"@type":"ListItem","position":1,"name":"Portada","item":"https:\/\/elcaminoarete.com\/fr\/"},{"@type":"ListItem","position":2,"name":"Comment arriver en Espagne"}]},{"@type":"WebSite","@id":"https:\/\/elcaminoarete.com\/fr\/#website","url":"https:\/\/elcaminoarete.com\/fr\/","name":"Le Chemin Aret\u00e9","description":"Coaching a Le Chemin","potentialAction":[{"@type":"SearchAction","target":{"@type":"EntryPoint","urlTemplate":"https:\/\/elcaminoarete.com\/fr\/?s={search_term_string}"},"query-input":"required name=search_term_string"}],"inLanguage":"fr-FR"}]}},"_links":{"self":[{"href":"https:\/\/elcaminoarete.com\/fr\/wp-json\/wp\/v2\/pages\/1179"}],"collection":[{"href":"https:\/\/elcaminoarete.com\/fr\/wp-json\/wp\/v2\/pages"}],"about":[{"href":"https:\/\/elcaminoarete.com\/fr\/wp-json\/wp\/v2\/types\/page"}],"author":[{"embeddable":true,"href":"https:\/\/elcaminoarete.com\/fr\/wp-json\/wp\/v2\/users\/3"}],"replies":[{"embeddable":true,"href":"https:\/\/elcaminoarete.com\/fr\/wp-json\/wp\/v2\/comments?post=1179"}],"version-history":[{"count":2,"href":"https:\/\/elcaminoarete.com\/fr\/wp-json\/wp\/v2\/pages\/1179\/revisions"}],"predecessor-version":[{"id":1209,"href":"https:\/\/elcaminoarete.com\/fr\/wp-json\/wp\/v2\/pages\/1179\/revisions\/1209"}],"wp:attachment":[{"href":"https:\/\/elcaminoarete.com\/fr\/wp-json\/wp\/v2\/media?parent=1179"}],"curies":[{"name":"wp","href":"https:\/\/api.w.org\/{rel}","templated":true}]}}